{"id":7156,"date":"2026-04-29T13:31:29","date_gmt":"2026-04-29T13:31:29","guid":{"rendered":"https:\/\/homix-ks.com\/?post_type=product&#038;p=7156"},"modified":"2026-04-29T13:31:29","modified_gmt":"2026-04-29T13:31:29","slug":"pllake-montuese-hvtn-10-30-2000","status":"publish","type":"product","link":"https:\/\/homix-ks.com\/en\/product\/pllake-montuese-hvtn-10-30-2000\/","title":{"rendered":"Pllak\u00eb montuese HVTN 10 30 2000"},"content":{"rendered":"<p>Pllak\u00eb gatimi elektrike moderne me sip\u00ebrfaqe xhami t\u00eb zi dhe dizajn minimalist. Ka 2 zona gatimi, ngrohje t\u00eb shpejt\u00eb dhe kontrolle touch me display digjital \u2013 praktike, elegante dhe e leht\u00eb p\u00ebr pastrim.<br \/>\n*Touch Control<br \/>\n*9 Level<\/p>","protected":false},"excerpt":{"rendered":"<p>Pllak\u00eb gatimi elektrike moderne me sip\u00ebrfaqe xhami t\u00eb zi dhe dizajn minimalist. Ka 2 zona gatimi, ngrohje t\u00eb shpejt\u00eb dhe kontrolle touch me display digjital&#8230;<\/p>","protected":false},"featured_media":7157,"comment_status":"open","ping_status":"closed","template":"","meta":{"_eb_attr":"","content-type":""},"etheme_brands":[],"product_brand":[],"product_cat":[83],"product_tag":[],"class_list":{"0":"post-7156","1":"product","2":"type-product","3":"status-publish","4":"has-post-thumbnail","6":"product_cat-kuzhine-ndricim","8":"first","9":"instock","10":"sale","11":"shipping-taxable","12":"purchasable","13":"product-type-simple"},"_links":{"self":[{"href":"https:\/\/homix-ks.com\/en\/wp-json\/wp\/v2\/product\/7156","targetHints":{"allow":["GET"]}}],"collection":[{"href":"https:\/\/homix-ks.com\/en\/wp-json\/wp\/v2\/product"}],"about":[{"href":"https:\/\/homix-ks.com\/en\/wp-json\/wp\/v2\/types\/product"}],"replies":[{"embeddable":true,"href":"https:\/\/homix-ks.com\/en\/wp-json\/wp\/v2\/comments?post=7156"}],"version-history":[{"count":1,"href":"https:\/\/homix-ks.com\/en\/wp-json\/wp\/v2\/product\/7156\/revisions"}],"predecessor-version":[{"id":7158,"href":"https:\/\/homix-ks.com\/en\/wp-json\/wp\/v2\/product\/7156\/revisions\/7158"}],"wp:featuredmedia":[{"embeddable":true,"href":"https:\/\/homix-ks.com\/en\/wp-json\/wp\/v2\/media\/7157"}],"wp:attachment":[{"href":"https:\/\/homix-ks.com\/en\/wp-json\/wp\/v2\/media?parent=7156"}],"wp:term":[{"taxonomy":"brand","embeddable":true,"href":"https:\/\/homix-ks.com\/en\/wp-json\/wp\/v2\/etheme_brands?post=7156"},{"taxonomy":"product_brand","embeddable":true,"href":"https:\/\/homix-ks.com\/en\/wp-json\/wp\/v2\/product_brand?post=7156"},{"taxonomy":"product_cat","embeddable":true,"href":"https:\/\/homix-ks.com\/en\/wp-json\/wp\/v2\/product_cat?post=7156"},{"taxonomy":"product_tag","embeddable":true,"href":"https:\/\/homix-ks.com\/en\/wp-json\/wp\/v2\/product_tag?post=7156"}],"curies":[{"name":"wp","href":"https:\/\/api.w.org\/{rel}","templated":true}]}}