{"id":7153,"date":"2026-04-29T13:22:15","date_gmt":"2026-04-29T13:22:15","guid":{"rendered":"https:\/\/homix-ks.com\/?post_type=product&#038;p=7153"},"modified":"2026-04-29T13:22:15","modified_gmt":"2026-04-29T13:22:15","slug":"llampe-2","status":"publish","type":"product","link":"https:\/\/homix-ks.com\/en\/product\/llampe-2\/","title":{"rendered":"Llamp\u00eb"},"content":{"rendered":"<p>\ud83d\udd38 Dizajn modern &#038; minimalist<br \/>\n\ud83d\udd38 Drit\u00eb e but\u00eb, ambientale \u2013 ideale p\u00ebr dhom\u00eb gjumi, sallon apo zyr\u00eb<br \/>\n\ud83d\udd38 Material cil\u00ebsor me p\u00ebrfundim premium<br \/>\n\ud83d\udd38 Kombinim perfekt me interiere moderne<br \/>\n\ud83d\udd38 Leht\u00eb p\u00ebr t\u2019u vendosur dhe p\u00ebrdorur<\/p>","protected":false},"excerpt":{"rendered":"<p>\ud83d\udd38 Dizajn modern &#038; minimalist \ud83d\udd38 Drit\u00eb e but\u00eb, ambientale \u2013 ideale p\u00ebr dhom\u00eb gjumi, sallon apo zyr\u00eb \ud83d\udd38 Material cil\u00ebsor me p\u00ebrfundim premium \ud83d\udd38&#8230;<\/p>","protected":false},"featured_media":7154,"comment_status":"open","ping_status":"closed","template":"","meta":{"_eb_attr":"","content-type":""},"etheme_brands":[],"product_brand":[],"product_cat":[105],"product_tag":[],"class_list":{"0":"post-7153","1":"product","2":"type-product","3":"status-publish","4":"has-post-thumbnail","6":"product_cat-llampe","8":"first","9":"instock","10":"sale","11":"shipping-taxable","12":"purchasable","13":"product-type-simple"},"_links":{"self":[{"href":"https:\/\/homix-ks.com\/en\/wp-json\/wp\/v2\/product\/7153","targetHints":{"allow":["GET"]}}],"collection":[{"href":"https:\/\/homix-ks.com\/en\/wp-json\/wp\/v2\/product"}],"about":[{"href":"https:\/\/homix-ks.com\/en\/wp-json\/wp\/v2\/types\/product"}],"replies":[{"embeddable":true,"href":"https:\/\/homix-ks.com\/en\/wp-json\/wp\/v2\/comments?post=7153"}],"version-history":[{"count":1,"href":"https:\/\/homix-ks.com\/en\/wp-json\/wp\/v2\/product\/7153\/revisions"}],"predecessor-version":[{"id":7155,"href":"https:\/\/homix-ks.com\/en\/wp-json\/wp\/v2\/product\/7153\/revisions\/7155"}],"wp:featuredmedia":[{"embeddable":true,"href":"https:\/\/homix-ks.com\/en\/wp-json\/wp\/v2\/media\/7154"}],"wp:attachment":[{"href":"https:\/\/homix-ks.com\/en\/wp-json\/wp\/v2\/media?parent=7153"}],"wp:term":[{"taxonomy":"brand","embeddable":true,"href":"https:\/\/homix-ks.com\/en\/wp-json\/wp\/v2\/etheme_brands?post=7153"},{"taxonomy":"product_brand","embeddable":true,"href":"https:\/\/homix-ks.com\/en\/wp-json\/wp\/v2\/product_brand?post=7153"},{"taxonomy":"product_cat","embeddable":true,"href":"https:\/\/homix-ks.com\/en\/wp-json\/wp\/v2\/product_cat?post=7153"},{"taxonomy":"product_tag","embeddable":true,"href":"https:\/\/homix-ks.com\/en\/wp-json\/wp\/v2\/product_tag?post=7153"}],"curies":[{"name":"wp","href":"https:\/\/api.w.org\/{rel}","templated":true}]}}