{"id":7094,"date":"2026-04-01T12:13:52","date_gmt":"2026-04-01T12:13:52","guid":{"rendered":"https:\/\/homix-ks.com\/?post_type=product&#038;p=7094"},"modified":"2026-04-03T08:07:00","modified_gmt":"2026-04-03T08:07:00","slug":"7094","status":"publish","type":"product","link":"https:\/\/homix-ks.com\/en\/product\/7094\/","title":{"rendered":"PIKTURA 62&#215;82"},"content":{"rendered":"<p>\u2022 Dizajn modern dhe elegant p\u00ebr dekorim muri<\/p>\n<p>\u2022 Madh\u00ebsia: 62&#215;82<\/p>\n<p>\u2022 Kombinim ngjyrash blu, t\u00eb bardh\u00eb dhe detaje gold<\/p>\n<p>\u2022 Stil abstrakt q\u00eb p\u00ebrshtatet me \u00e7do ambient<\/p>\n<p>\u2022 Korniz\u00eb dekorative q\u00eb i jep pamje premium<\/p>\n<p>\u2022 Ideale p\u00ebr sallon, dhom\u00eb ndeje ose zyr\u00eb<\/p>\n<p>\u2022 Material cil\u00ebsor p\u00ebr p\u00ebrdorim afatgjat\u00eb<\/p>\n<p>\u2022 Shton stil dhe karakter n\u00eb hap\u00ebsir\u00ebn tuaj<\/p>","protected":false},"excerpt":{"rendered":"<p>\u2022 Dizajn modern dhe elegant p\u00ebr dekorim muri \u2022 Madh\u00ebsia: 62&#215;82 \u2022 Kombinim ngjyrash blu, t\u00eb bardh\u00eb dhe detaje gold \u2022 Stil abstrakt q\u00eb p\u00ebrshtatet&#8230;<\/p>","protected":false},"featured_media":7095,"comment_status":"open","ping_status":"closed","template":"","meta":{"_eb_attr":"","content-type":""},"etheme_brands":[],"product_brand":[],"product_cat":[103],"product_tag":[],"class_list":{"0":"post-7094","1":"product","2":"type-product","3":"status-publish","4":"has-post-thumbnail","6":"product_cat-pikture-muri","8":"first","9":"instock","10":"sale","11":"shipping-taxable","12":"purchasable","13":"product-type-simple"},"_links":{"self":[{"href":"https:\/\/homix-ks.com\/en\/wp-json\/wp\/v2\/product\/7094","targetHints":{"allow":["GET"]}}],"collection":[{"href":"https:\/\/homix-ks.com\/en\/wp-json\/wp\/v2\/product"}],"about":[{"href":"https:\/\/homix-ks.com\/en\/wp-json\/wp\/v2\/types\/product"}],"replies":[{"embeddable":true,"href":"https:\/\/homix-ks.com\/en\/wp-json\/wp\/v2\/comments?post=7094"}],"version-history":[{"count":2,"href":"https:\/\/homix-ks.com\/en\/wp-json\/wp\/v2\/product\/7094\/revisions"}],"predecessor-version":[{"id":7098,"href":"https:\/\/homix-ks.com\/en\/wp-json\/wp\/v2\/product\/7094\/revisions\/7098"}],"wp:featuredmedia":[{"embeddable":true,"href":"https:\/\/homix-ks.com\/en\/wp-json\/wp\/v2\/media\/7095"}],"wp:attachment":[{"href":"https:\/\/homix-ks.com\/en\/wp-json\/wp\/v2\/media?parent=7094"}],"wp:term":[{"taxonomy":"brand","embeddable":true,"href":"https:\/\/homix-ks.com\/en\/wp-json\/wp\/v2\/etheme_brands?post=7094"},{"taxonomy":"product_brand","embeddable":true,"href":"https:\/\/homix-ks.com\/en\/wp-json\/wp\/v2\/product_brand?post=7094"},{"taxonomy":"product_cat","embeddable":true,"href":"https:\/\/homix-ks.com\/en\/wp-json\/wp\/v2\/product_cat?post=7094"},{"taxonomy":"product_tag","embeddable":true,"href":"https:\/\/homix-ks.com\/en\/wp-json\/wp\/v2\/product_tag?post=7094"}],"curies":[{"name":"wp","href":"https:\/\/api.w.org\/{rel}","templated":true}]}}