{"id":7089,"date":"2026-04-01T11:55:11","date_gmt":"2026-04-01T11:55:11","guid":{"rendered":"https:\/\/homix-ks.com\/?post_type=product&#038;p=7089"},"modified":"2026-04-01T12:08:10","modified_gmt":"2026-04-01T12:08:10","slug":"krypore-6-pcs-me-ngjyra","status":"publish","type":"product","link":"https:\/\/homix-ks.com\/en\/product\/krypore-6-pcs-me-ngjyra\/","title":{"rendered":"KRYPORE 6 PCS ME NGJYRA"},"content":{"rendered":"<p>\u2022 Set elegant p\u00ebr er\u00ebza me dizajn modern<\/p>\n<p>\u2022 3 kavanoza qeramike me kapak bambuje<\/p>\n<p>\u2022 Lug\u00eb porcelani p\u00ebr p\u00ebrdorim t\u00eb leht\u00eb<\/p>\n<p>\u2022 3 sirtar\u00eb praktik p\u00ebr ruajtje shtes\u00eb<\/p>\n<p>\u2022 Material cil\u00ebsor dhe rezistent<\/p>\n<p>\u2022 Ideale p\u00ebr kuzhin\u00eb moderne dhe organizim t\u00eb er\u00ebzave<\/p>","protected":false},"excerpt":{"rendered":"<p>\u2022 Set elegant p\u00ebr er\u00ebza me dizajn modern \u2022 3 kavanoza qeramike me kapak bambuje \u2022 Lug\u00eb porcelani p\u00ebr p\u00ebrdorim t\u00eb leht\u00eb \u2022 3 sirtar\u00eb&#8230;<\/p>","protected":false},"featured_media":7090,"comment_status":"open","ping_status":"closed","template":"","meta":{"_eb_attr":"","content-type":""},"etheme_brands":[],"product_brand":[],"product_cat":[96],"product_tag":[],"class_list":{"0":"post-7089","1":"product","2":"type-product","3":"status-publish","4":"has-post-thumbnail","6":"product_cat-ene-kuzhine","8":"first","9":"instock","10":"sale","11":"shipping-taxable","12":"purchasable","13":"product-type-simple"},"_links":{"self":[{"href":"https:\/\/homix-ks.com\/en\/wp-json\/wp\/v2\/product\/7089","targetHints":{"allow":["GET"]}}],"collection":[{"href":"https:\/\/homix-ks.com\/en\/wp-json\/wp\/v2\/product"}],"about":[{"href":"https:\/\/homix-ks.com\/en\/wp-json\/wp\/v2\/types\/product"}],"replies":[{"embeddable":true,"href":"https:\/\/homix-ks.com\/en\/wp-json\/wp\/v2\/comments?post=7089"}],"version-history":[{"count":2,"href":"https:\/\/homix-ks.com\/en\/wp-json\/wp\/v2\/product\/7089\/revisions"}],"predecessor-version":[{"id":7093,"href":"https:\/\/homix-ks.com\/en\/wp-json\/wp\/v2\/product\/7089\/revisions\/7093"}],"wp:featuredmedia":[{"embeddable":true,"href":"https:\/\/homix-ks.com\/en\/wp-json\/wp\/v2\/media\/7090"}],"wp:attachment":[{"href":"https:\/\/homix-ks.com\/en\/wp-json\/wp\/v2\/media?parent=7089"}],"wp:term":[{"taxonomy":"brand","embeddable":true,"href":"https:\/\/homix-ks.com\/en\/wp-json\/wp\/v2\/etheme_brands?post=7089"},{"taxonomy":"product_brand","embeddable":true,"href":"https:\/\/homix-ks.com\/en\/wp-json\/wp\/v2\/product_brand?post=7089"},{"taxonomy":"product_cat","embeddable":true,"href":"https:\/\/homix-ks.com\/en\/wp-json\/wp\/v2\/product_cat?post=7089"},{"taxonomy":"product_tag","embeddable":true,"href":"https:\/\/homix-ks.com\/en\/wp-json\/wp\/v2\/product_tag?post=7089"}],"curies":[{"name":"wp","href":"https:\/\/api.w.org\/{rel}","templated":true}]}}