{"id":7045,"date":"2026-03-30T17:32:34","date_gmt":"2026-03-30T17:32:34","guid":{"rendered":"https:\/\/homix-ks.com\/?post_type=product&#038;p=7045"},"modified":"2026-04-03T08:05:26","modified_gmt":"2026-04-03T08:05:26","slug":"filxhana-per-kafe-d07g-y387-s","status":"publish","type":"product","link":"https:\/\/homix-ks.com\/en\/product\/filxhana-per-kafe-d07g-y387-s\/","title":{"rendered":"FILXHANA PER KAFE -D07G-Y387 S"},"content":{"rendered":"<p>\u2022 Porcelan ose Qeramik\u00eb: Materiali baz\u00eb i filxhan\u00ebve dhe pjatave (shk\u00eblqim i lart\u00eb).<\/p>\n<p>\u2022 Komplet prej gjasht\u00eb filxhan\u00ebsh kafeje.<\/p>\n<p>\u2022 Dizajn me vija bardh\u00eb e zi dhe buz\u00eb me model t\u00eb nd\u00ebrlikuar.<\/p>\n<p>\u2022 P\u00ebrfshin nj\u00eb mbajt\u00ebse servirjeje dy-kat\u00ebshe me fund t\u00eb rrumbullak\u00ebt prej ari.<\/p>\n<p>\u2022 Vendosur n\u00eb nj\u00eb tavolin\u00eb mermeri.<\/p>","protected":false},"excerpt":{"rendered":"<p>\u2022 Porcelan ose Qeramik\u00eb: Materiali baz\u00eb i filxhan\u00ebve dhe pjatave (shk\u00eblqim i lart\u00eb). \u2022 Komplet prej gjasht\u00eb filxhan\u00ebsh kafeje. \u2022 Dizajn me vija bardh\u00eb e&#8230;<\/p>","protected":false},"featured_media":7050,"comment_status":"open","ping_status":"closed","template":"","meta":{"_eb_attr":"","content-type":""},"etheme_brands":[],"product_brand":[],"product_cat":[96],"product_tag":[],"class_list":{"0":"post-7045","1":"product","2":"type-product","3":"status-publish","4":"has-post-thumbnail","6":"product_cat-ene-kuzhine","8":"first","9":"instock","10":"sale","11":"shipping-taxable","12":"purchasable","13":"product-type-simple"},"_links":{"self":[{"href":"https:\/\/homix-ks.com\/en\/wp-json\/wp\/v2\/product\/7045","targetHints":{"allow":["GET"]}}],"collection":[{"href":"https:\/\/homix-ks.com\/en\/wp-json\/wp\/v2\/product"}],"about":[{"href":"https:\/\/homix-ks.com\/en\/wp-json\/wp\/v2\/types\/product"}],"replies":[{"embeddable":true,"href":"https:\/\/homix-ks.com\/en\/wp-json\/wp\/v2\/comments?post=7045"}],"version-history":[{"count":2,"href":"https:\/\/homix-ks.com\/en\/wp-json\/wp\/v2\/product\/7045\/revisions"}],"predecessor-version":[{"id":7104,"href":"https:\/\/homix-ks.com\/en\/wp-json\/wp\/v2\/product\/7045\/revisions\/7104"}],"wp:featuredmedia":[{"embeddable":true,"href":"https:\/\/homix-ks.com\/en\/wp-json\/wp\/v2\/media\/7050"}],"wp:attachment":[{"href":"https:\/\/homix-ks.com\/en\/wp-json\/wp\/v2\/media?parent=7045"}],"wp:term":[{"taxonomy":"brand","embeddable":true,"href":"https:\/\/homix-ks.com\/en\/wp-json\/wp\/v2\/etheme_brands?post=7045"},{"taxonomy":"product_brand","embeddable":true,"href":"https:\/\/homix-ks.com\/en\/wp-json\/wp\/v2\/product_brand?post=7045"},{"taxonomy":"product_cat","embeddable":true,"href":"https:\/\/homix-ks.com\/en\/wp-json\/wp\/v2\/product_cat?post=7045"},{"taxonomy":"product_tag","embeddable":true,"href":"https:\/\/homix-ks.com\/en\/wp-json\/wp\/v2\/product_tag?post=7045"}],"curies":[{"name":"wp","href":"https:\/\/api.w.org\/{rel}","templated":true}]}}