{"id":7039,"date":"2026-03-30T17:09:17","date_gmt":"2026-03-30T17:09:17","guid":{"rendered":"https:\/\/homix-ks.com\/?post_type=product&#038;p=7039"},"modified":"2026-04-03T08:36:02","modified_gmt":"2026-04-03T08:36:02","slug":"fertere-rfl-28","status":"publish","type":"product","link":"https:\/\/homix-ks.com\/en\/product\/fertere-rfl-28\/","title":{"rendered":"FERTERE -RFL- 28"},"content":{"rendered":"<p>\u2022 Sip\u00ebrfaqe jo-ngjit\u00ebse: Gaturje pa yndyr\u00eb dhe pastrim i shpejt\u00eb.<\/p>\n<p>\u2022 Veshje graniti: Rezistente ndaj g\u00ebrvishtjeve.<\/p>\n<p>\u2022 Dorez\u00eb ergonomike: Nuk nxehet dhe ofron siguri gjat\u00eb p\u00ebrdorimit.<\/p>\n<p>\u2022 Shp\u00ebrndarje nxeht\u00ebsie: Gaturje e nj\u00ebtrajtshme n\u00eb \u00e7do pjes\u00eb.<\/p>\n<p>\u2022 P\u00ebrdorim universal: Ideale p\u00ebr \u00e7do lloj shporeti.<\/p>","protected":false},"excerpt":{"rendered":"<p>\u2022 Sip\u00ebrfaqe jo-ngjit\u00ebse: Gaturje pa yndyr\u00eb dhe pastrim i shpejt\u00eb. \u2022 Veshje graniti: Rezistente ndaj g\u00ebrvishtjeve. \u2022 Dorez\u00eb ergonomike: Nuk nxehet dhe ofron siguri gjat\u00eb&#8230;<\/p>","protected":false},"featured_media":7040,"comment_status":"open","ping_status":"closed","template":"","meta":{"_eb_attr":"","content-type":""},"etheme_brands":[],"product_brand":[],"product_cat":[96],"product_tag":[],"class_list":{"0":"post-7039","1":"product","2":"type-product","3":"status-publish","4":"has-post-thumbnail","6":"product_cat-ene-kuzhine","8":"first","9":"instock","10":"sale","11":"shipping-taxable","12":"purchasable","13":"product-type-simple"},"_links":{"self":[{"href":"https:\/\/homix-ks.com\/en\/wp-json\/wp\/v2\/product\/7039","targetHints":{"allow":["GET"]}}],"collection":[{"href":"https:\/\/homix-ks.com\/en\/wp-json\/wp\/v2\/product"}],"about":[{"href":"https:\/\/homix-ks.com\/en\/wp-json\/wp\/v2\/types\/product"}],"replies":[{"embeddable":true,"href":"https:\/\/homix-ks.com\/en\/wp-json\/wp\/v2\/comments?post=7039"}],"version-history":[{"count":3,"href":"https:\/\/homix-ks.com\/en\/wp-json\/wp\/v2\/product\/7039\/revisions"}],"predecessor-version":[{"id":7120,"href":"https:\/\/homix-ks.com\/en\/wp-json\/wp\/v2\/product\/7039\/revisions\/7120"}],"wp:featuredmedia":[{"embeddable":true,"href":"https:\/\/homix-ks.com\/en\/wp-json\/wp\/v2\/media\/7040"}],"wp:attachment":[{"href":"https:\/\/homix-ks.com\/en\/wp-json\/wp\/v2\/media?parent=7039"}],"wp:term":[{"taxonomy":"brand","embeddable":true,"href":"https:\/\/homix-ks.com\/en\/wp-json\/wp\/v2\/etheme_brands?post=7039"},{"taxonomy":"product_brand","embeddable":true,"href":"https:\/\/homix-ks.com\/en\/wp-json\/wp\/v2\/product_brand?post=7039"},{"taxonomy":"product_cat","embeddable":true,"href":"https:\/\/homix-ks.com\/en\/wp-json\/wp\/v2\/product_cat?post=7039"},{"taxonomy":"product_tag","embeddable":true,"href":"https:\/\/homix-ks.com\/en\/wp-json\/wp\/v2\/product_tag?post=7039"}],"curies":[{"name":"wp","href":"https:\/\/api.w.org\/{rel}","templated":true}]}}