{"id":7034,"date":"2026-03-30T16:55:57","date_gmt":"2026-03-30T16:55:57","guid":{"rendered":"https:\/\/homix-ks.com\/?post_type=product&#038;p=7034"},"modified":"2026-04-03T08:37:43","modified_gmt":"2026-04-03T08:37:43","slug":"tepsi-per-kek-a-112","status":"publish","type":"product","link":"https:\/\/homix-ks.com\/en\/product\/tepsi-per-kek-a-112\/","title":{"rendered":"TEPSI PER KEK -A- 112"},"content":{"rendered":"<p>\u2022Tepsi me 12 fole p\u00ebr kek\u00eb.<\/p>\n<p>\u2022 Bezh\u00eb, me njolla shum\u00ebngjyr\u00ebshe.<\/p>\n<p>\u2022 E mbushur me kek\u00eb confetti t\u00eb pjekur.<\/p>\n<p>\u2022 P\u00ebrfshin doreza t\u00eb integruara an\u00ebsore<\/p>","protected":false},"excerpt":{"rendered":"<p>\u2022Tepsi me 12 fole p\u00ebr kek\u00eb. \u2022 Bezh\u00eb, me njolla shum\u00ebngjyr\u00ebshe. \u2022 E mbushur me kek\u00eb confetti t\u00eb pjekur. \u2022 P\u00ebrfshin doreza t\u00eb integruara an\u00ebsore<\/p>","protected":false},"featured_media":7035,"comment_status":"open","ping_status":"closed","template":"","meta":{"_eb_attr":"","content-type":""},"etheme_brands":[],"product_brand":[],"product_cat":[96],"product_tag":[],"class_list":{"0":"post-7034","1":"product","2":"type-product","3":"status-publish","4":"has-post-thumbnail","6":"product_cat-ene-kuzhine","8":"first","9":"instock","10":"sale","11":"shipping-taxable","12":"purchasable","13":"product-type-simple"},"_links":{"self":[{"href":"https:\/\/homix-ks.com\/en\/wp-json\/wp\/v2\/product\/7034","targetHints":{"allow":["GET"]}}],"collection":[{"href":"https:\/\/homix-ks.com\/en\/wp-json\/wp\/v2\/product"}],"about":[{"href":"https:\/\/homix-ks.com\/en\/wp-json\/wp\/v2\/types\/product"}],"replies":[{"embeddable":true,"href":"https:\/\/homix-ks.com\/en\/wp-json\/wp\/v2\/comments?post=7034"}],"version-history":[{"count":3,"href":"https:\/\/homix-ks.com\/en\/wp-json\/wp\/v2\/product\/7034\/revisions"}],"predecessor-version":[{"id":7102,"href":"https:\/\/homix-ks.com\/en\/wp-json\/wp\/v2\/product\/7034\/revisions\/7102"}],"wp:featuredmedia":[{"embeddable":true,"href":"https:\/\/homix-ks.com\/en\/wp-json\/wp\/v2\/media\/7035"}],"wp:attachment":[{"href":"https:\/\/homix-ks.com\/en\/wp-json\/wp\/v2\/media?parent=7034"}],"wp:term":[{"taxonomy":"brand","embeddable":true,"href":"https:\/\/homix-ks.com\/en\/wp-json\/wp\/v2\/etheme_brands?post=7034"},{"taxonomy":"product_brand","embeddable":true,"href":"https:\/\/homix-ks.com\/en\/wp-json\/wp\/v2\/product_brand?post=7034"},{"taxonomy":"product_cat","embeddable":true,"href":"https:\/\/homix-ks.com\/en\/wp-json\/wp\/v2\/product_cat?post=7034"},{"taxonomy":"product_tag","embeddable":true,"href":"https:\/\/homix-ks.com\/en\/wp-json\/wp\/v2\/product_tag?post=7034"}],"curies":[{"name":"wp","href":"https:\/\/api.w.org\/{rel}","templated":true}]}}