{"id":7030,"date":"2026-03-30T16:22:44","date_gmt":"2026-03-30T16:22:44","guid":{"rendered":"https:\/\/homix-ks.com\/?post_type=product&#038;p=7030"},"modified":"2026-04-03T08:42:18","modified_gmt":"2026-04-03T08:42:18","slug":"set-ushqimi-1-24-t5301","status":"publish","type":"product","link":"https:\/\/homix-ks.com\/en\/product\/set-ushqimi-1-24-t5301\/","title":{"rendered":"SET USHQIMI 1\/24 &#8211; T5301"},"content":{"rendered":"<p>\u2022 Set pjatash moderne me dizajn elegant<\/p>\n<p>\u2022 Ngjyr\u00eb neutrale q\u00eb p\u00ebrshtatet me \u00e7do tavolin\u00eb<\/p>\n<p>\u2022 Material cil\u00ebsor dhe rezistent p\u00ebr p\u00ebrdorim t\u00eb p\u00ebrditsh\u00ebm<\/p>","protected":false},"excerpt":{"rendered":"<p>\u2022 Set pjatash moderne me dizajn elegant \u2022 Ngjyr\u00eb neutrale q\u00eb p\u00ebrshtatet me \u00e7do tavolin\u00eb \u2022 Material cil\u00ebsor dhe rezistent p\u00ebr p\u00ebrdorim t\u00eb p\u00ebrditsh\u00ebm<\/p>","protected":false},"featured_media":7031,"comment_status":"open","ping_status":"closed","template":"","meta":{"_eb_attr":"","content-type":""},"etheme_brands":[],"product_brand":[],"product_cat":[96],"product_tag":[],"class_list":{"0":"post-7030","1":"product","2":"type-product","3":"status-publish","4":"has-post-thumbnail","6":"product_cat-ene-kuzhine","8":"first","9":"instock","10":"sale","11":"shipping-taxable","12":"purchasable","13":"product-type-simple"},"_links":{"self":[{"href":"https:\/\/homix-ks.com\/en\/wp-json\/wp\/v2\/product\/7030","targetHints":{"allow":["GET"]}}],"collection":[{"href":"https:\/\/homix-ks.com\/en\/wp-json\/wp\/v2\/product"}],"about":[{"href":"https:\/\/homix-ks.com\/en\/wp-json\/wp\/v2\/types\/product"}],"replies":[{"embeddable":true,"href":"https:\/\/homix-ks.com\/en\/wp-json\/wp\/v2\/comments?post=7030"}],"version-history":[{"count":2,"href":"https:\/\/homix-ks.com\/en\/wp-json\/wp\/v2\/product\/7030\/revisions"}],"predecessor-version":[{"id":7106,"href":"https:\/\/homix-ks.com\/en\/wp-json\/wp\/v2\/product\/7030\/revisions\/7106"}],"wp:featuredmedia":[{"embeddable":true,"href":"https:\/\/homix-ks.com\/en\/wp-json\/wp\/v2\/media\/7031"}],"wp:attachment":[{"href":"https:\/\/homix-ks.com\/en\/wp-json\/wp\/v2\/media?parent=7030"}],"wp:term":[{"taxonomy":"brand","embeddable":true,"href":"https:\/\/homix-ks.com\/en\/wp-json\/wp\/v2\/etheme_brands?post=7030"},{"taxonomy":"product_brand","embeddable":true,"href":"https:\/\/homix-ks.com\/en\/wp-json\/wp\/v2\/product_brand?post=7030"},{"taxonomy":"product_cat","embeddable":true,"href":"https:\/\/homix-ks.com\/en\/wp-json\/wp\/v2\/product_cat?post=7030"},{"taxonomy":"product_tag","embeddable":true,"href":"https:\/\/homix-ks.com\/en\/wp-json\/wp\/v2\/product_tag?post=7030"}],"curies":[{"name":"wp","href":"https:\/\/api.w.org\/{rel}","templated":true}]}}