{"id":7027,"date":"2026-03-30T15:58:54","date_gmt":"2026-03-30T15:58:54","guid":{"rendered":"https:\/\/homix-ks.com\/?post_type=product&#038;p=7027"},"modified":"2026-04-03T08:44:04","modified_gmt":"2026-04-03T08:44:04","slug":"pjata-per-grimcina-kk-25-4","status":"publish","type":"product","link":"https:\/\/homix-ks.com\/en\/product\/pjata-per-grimcina-kk-25-4\/","title":{"rendered":"PJATA PER GRIMCIRA-KK-25-4"},"content":{"rendered":"<p> ENE me 2 nivele p\u00ebr servirje elegante<\/p>\n<p>\u2022Dizajn klasik bardh\u00eb e zi<\/p>\n<p>\u2022Mbajt\u00ebse metalike n\u00eb ngjyr\u00eb ari<\/p>\n<p>\u2022Praktike dhe kursen hap\u00ebsir\u00eb<\/p>\n<p>\u2022Ideale p\u00ebr \u00ebmb\u00eblsira dhe festa<\/p>","protected":false},"excerpt":{"rendered":"<p>ENE me 2 nivele p\u00ebr servirje elegante \u2022Dizajn klasik bardh\u00eb e zi \u2022Mbajt\u00ebse metalike n\u00eb ngjyr\u00eb ari \u2022Praktike dhe kursen hap\u00ebsir\u00eb \u2022Ideale p\u00ebr \u00ebmb\u00eblsira dhe&#8230;<\/p>","protected":false},"featured_media":7028,"comment_status":"open","ping_status":"closed","template":"","meta":{"_eb_attr":"","content-type":""},"etheme_brands":[],"product_brand":[],"product_cat":[96],"product_tag":[],"class_list":{"0":"post-7027","1":"product","2":"type-product","3":"status-publish","4":"has-post-thumbnail","6":"product_cat-ene-kuzhine","8":"first","9":"instock","10":"sale","11":"shipping-taxable","12":"purchasable","13":"product-type-simple"},"_links":{"self":[{"href":"https:\/\/homix-ks.com\/en\/wp-json\/wp\/v2\/product\/7027","targetHints":{"allow":["GET"]}}],"collection":[{"href":"https:\/\/homix-ks.com\/en\/wp-json\/wp\/v2\/product"}],"about":[{"href":"https:\/\/homix-ks.com\/en\/wp-json\/wp\/v2\/types\/product"}],"replies":[{"embeddable":true,"href":"https:\/\/homix-ks.com\/en\/wp-json\/wp\/v2\/comments?post=7027"}],"version-history":[{"count":3,"href":"https:\/\/homix-ks.com\/en\/wp-json\/wp\/v2\/product\/7027\/revisions"}],"predecessor-version":[{"id":7121,"href":"https:\/\/homix-ks.com\/en\/wp-json\/wp\/v2\/product\/7027\/revisions\/7121"}],"wp:featuredmedia":[{"embeddable":true,"href":"https:\/\/homix-ks.com\/en\/wp-json\/wp\/v2\/media\/7028"}],"wp:attachment":[{"href":"https:\/\/homix-ks.com\/en\/wp-json\/wp\/v2\/media?parent=7027"}],"wp:term":[{"taxonomy":"brand","embeddable":true,"href":"https:\/\/homix-ks.com\/en\/wp-json\/wp\/v2\/etheme_brands?post=7027"},{"taxonomy":"product_brand","embeddable":true,"href":"https:\/\/homix-ks.com\/en\/wp-json\/wp\/v2\/product_brand?post=7027"},{"taxonomy":"product_cat","embeddable":true,"href":"https:\/\/homix-ks.com\/en\/wp-json\/wp\/v2\/product_cat?post=7027"},{"taxonomy":"product_tag","embeddable":true,"href":"https:\/\/homix-ks.com\/en\/wp-json\/wp\/v2\/product_tag?post=7027"}],"curies":[{"name":"wp","href":"https:\/\/api.w.org\/{rel}","templated":true}]}}