{"id":7023,"date":"2026-03-30T09:07:52","date_gmt":"2026-03-30T09:07:52","guid":{"rendered":"https:\/\/homix-ks.com\/?post_type=product&#038;p=7023"},"modified":"2026-04-03T08:49:39","modified_gmt":"2026-04-03T08:49:39","slug":"piktura-me-korniz-70x100-kopje","status":"publish","type":"product","link":"https:\/\/homix-ks.com\/en\/product\/piktura-me-korniz-70x100-kopje\/","title":{"rendered":"PIKTURA  ME KORNIZ &#8211; 70&#215;100"},"content":{"rendered":"<p>Stil Abstrakt: Nd\u00ebrthurje moderne e formave dhe vijave.<\/p>\n<p>\u2022 Ngjyra t\u00eb Ngrohta: Kombinim elegant i t\u00eb portokallt\u00ebs me tonet e tok\u00ebs.<\/p>\n<p>\u2022 Detaje Gold: Elementet e art\u00eb i japin shk\u00eblqim dhe luks.<\/p>\n<p>\u2022 Korniz\u00eb Elegante: Dizajn minimalist q\u00eb p\u00ebrshtatet kudo.<\/p>\n<p>\u2022 Fokus Vizual: Ideale si pjes\u00eb qendrore p\u00ebr sallon apo zyr\u00eb.<\/p>","protected":false},"excerpt":{"rendered":"<p>Stil Abstrakt: Nd\u00ebrthurje moderne e formave dhe vijave. \u2022 Ngjyra t\u00eb Ngrohta: Kombinim elegant i t\u00eb portokallt\u00ebs me tonet e tok\u00ebs. \u2022 Detaje Gold: Elementet&#8230;<\/p>","protected":false},"featured_media":6910,"comment_status":"open","ping_status":"closed","template":"","meta":{"_eb_attr":"","content-type":""},"etheme_brands":[],"product_brand":[],"product_cat":[103,15],"product_tag":[],"class_list":{"0":"post-7023","1":"product","2":"type-product","3":"status-publish","4":"has-post-thumbnail","6":"product_cat-pikture-muri","7":"product_cat-uncategorized","9":"first","10":"instock","11":"sale","12":"shipping-taxable","13":"purchasable","14":"product-type-simple"},"_links":{"self":[{"href":"https:\/\/homix-ks.com\/en\/wp-json\/wp\/v2\/product\/7023","targetHints":{"allow":["GET"]}}],"collection":[{"href":"https:\/\/homix-ks.com\/en\/wp-json\/wp\/v2\/product"}],"about":[{"href":"https:\/\/homix-ks.com\/en\/wp-json\/wp\/v2\/types\/product"}],"replies":[{"embeddable":true,"href":"https:\/\/homix-ks.com\/en\/wp-json\/wp\/v2\/comments?post=7023"}],"version-history":[{"count":2,"href":"https:\/\/homix-ks.com\/en\/wp-json\/wp\/v2\/product\/7023\/revisions"}],"predecessor-version":[{"id":7117,"href":"https:\/\/homix-ks.com\/en\/wp-json\/wp\/v2\/product\/7023\/revisions\/7117"}],"wp:featuredmedia":[{"embeddable":true,"href":"https:\/\/homix-ks.com\/en\/wp-json\/wp\/v2\/media\/6910"}],"wp:attachment":[{"href":"https:\/\/homix-ks.com\/en\/wp-json\/wp\/v2\/media?parent=7023"}],"wp:term":[{"taxonomy":"brand","embeddable":true,"href":"https:\/\/homix-ks.com\/en\/wp-json\/wp\/v2\/etheme_brands?post=7023"},{"taxonomy":"product_brand","embeddable":true,"href":"https:\/\/homix-ks.com\/en\/wp-json\/wp\/v2\/product_brand?post=7023"},{"taxonomy":"product_cat","embeddable":true,"href":"https:\/\/homix-ks.com\/en\/wp-json\/wp\/v2\/product_cat?post=7023"},{"taxonomy":"product_tag","embeddable":true,"href":"https:\/\/homix-ks.com\/en\/wp-json\/wp\/v2\/product_tag?post=7023"}],"curies":[{"name":"wp","href":"https:\/\/api.w.org\/{rel}","templated":true}]}}