{"id":7016,"date":"2026-03-29T16:17:53","date_gmt":"2026-03-29T16:17:53","guid":{"rendered":"https:\/\/homix-ks.com\/?post_type=product&#038;p=7016"},"modified":"2026-04-02T16:47:12","modified_gmt":"2026-04-02T16:47:12","slug":"filxhana-per-qaj-yh230001w","status":"publish","type":"product","link":"https:\/\/homix-ks.com\/en\/product\/filxhana-per-qaj-yh230001w\/","title":{"rendered":"FILXHANA PER NESS KAFE- YH230001W"},"content":{"rendered":"<p>\u2022 Materiali: Porcelan i l\u00ebmuar me veshje ari.<\/p>\n<p>\u2022 Dizajni: Minimalist dhe modern, i p\u00ebrshtatsh\u00ebm p\u00ebr ambiente bashk\u00ebkohore. <\/p>","protected":false},"excerpt":{"rendered":"<p>\u2022 Materiali: Porcelan i l\u00ebmuar me veshje ari. \u2022 Dizajni: Minimalist dhe modern, i p\u00ebrshtatsh\u00ebm p\u00ebr ambiente bashk\u00ebkohore.<\/p>","protected":false},"featured_media":7017,"comment_status":"open","ping_status":"closed","template":"","meta":{"_eb_attr":"","content-type":""},"etheme_brands":[],"product_brand":[],"product_cat":[96],"product_tag":[],"class_list":{"0":"post-7016","1":"product","2":"type-product","3":"status-publish","4":"has-post-thumbnail","6":"product_cat-ene-kuzhine","8":"first","9":"instock","10":"sale","11":"shipping-taxable","12":"purchasable","13":"product-type-simple"},"_links":{"self":[{"href":"https:\/\/homix-ks.com\/en\/wp-json\/wp\/v2\/product\/7016","targetHints":{"allow":["GET"]}}],"collection":[{"href":"https:\/\/homix-ks.com\/en\/wp-json\/wp\/v2\/product"}],"about":[{"href":"https:\/\/homix-ks.com\/en\/wp-json\/wp\/v2\/types\/product"}],"replies":[{"embeddable":true,"href":"https:\/\/homix-ks.com\/en\/wp-json\/wp\/v2\/comments?post=7016"}],"version-history":[{"count":2,"href":"https:\/\/homix-ks.com\/en\/wp-json\/wp\/v2\/product\/7016\/revisions"}],"predecessor-version":[{"id":7114,"href":"https:\/\/homix-ks.com\/en\/wp-json\/wp\/v2\/product\/7016\/revisions\/7114"}],"wp:featuredmedia":[{"embeddable":true,"href":"https:\/\/homix-ks.com\/en\/wp-json\/wp\/v2\/media\/7017"}],"wp:attachment":[{"href":"https:\/\/homix-ks.com\/en\/wp-json\/wp\/v2\/media?parent=7016"}],"wp:term":[{"taxonomy":"brand","embeddable":true,"href":"https:\/\/homix-ks.com\/en\/wp-json\/wp\/v2\/etheme_brands?post=7016"},{"taxonomy":"product_brand","embeddable":true,"href":"https:\/\/homix-ks.com\/en\/wp-json\/wp\/v2\/product_brand?post=7016"},{"taxonomy":"product_cat","embeddable":true,"href":"https:\/\/homix-ks.com\/en\/wp-json\/wp\/v2\/product_cat?post=7016"},{"taxonomy":"product_tag","embeddable":true,"href":"https:\/\/homix-ks.com\/en\/wp-json\/wp\/v2\/product_tag?post=7016"}],"curies":[{"name":"wp","href":"https:\/\/api.w.org\/{rel}","templated":true}]}}