{"id":7003,"date":"2026-03-29T15:55:45","date_gmt":"2026-03-29T15:55:45","guid":{"rendered":"https:\/\/homix-ks.com\/?post_type=product&#038;p=7003"},"modified":"2026-04-02T16:42:18","modified_gmt":"2026-04-02T16:42:18","slug":"fertere-rfl-22","status":"publish","type":"product","link":"https:\/\/homix-ks.com\/en\/product\/fertere-rfl-22\/","title":{"rendered":"FERTERE-RFL-22"},"content":{"rendered":"<p>\u2022Sip\u00ebrfaqe jo-ngjit\u00ebse: Gatitje pa yndyr\u00eb dhe pastrim i shpejt\u00eb.<\/p>\n<p>\u2022 Veshje graniti: Rezistente ndaj g\u00ebrvishtjeve dhe jet\u00ebgjat\u00eb.<\/p>\n<p>\u2022 Dorez\u00eb ergonomike: Nuk nxehet dhe ofron siguri gjat\u00eb p\u00ebrdorimit.<\/p>\n<p>\u2022 Shp\u00ebrndarje nxeht\u00ebsie: Gatitje e nj\u00ebtrajtshme n\u00eb \u00e7do pjes\u00eb.<\/p>\n<p>\u2022 P\u00ebrdorim universal: Ideale p\u00ebr \u00e7do lloj shporeti.<\/p>","protected":false},"excerpt":{"rendered":"<p>\u2022Sip\u00ebrfaqe jo-ngjit\u00ebse: Gatitje pa yndyr\u00eb dhe pastrim i shpejt\u00eb. \u2022 Veshje graniti: Rezistente ndaj g\u00ebrvishtjeve dhe jet\u00ebgjat\u00eb. \u2022 Dorez\u00eb ergonomike: Nuk nxehet dhe ofron siguri&#8230;<\/p>","protected":false},"featured_media":7004,"comment_status":"open","ping_status":"closed","template":"","meta":{"_eb_attr":"","content-type":""},"etheme_brands":[],"product_brand":[],"product_cat":[96],"product_tag":[],"class_list":{"0":"post-7003","1":"product","2":"type-product","3":"status-publish","4":"has-post-thumbnail","6":"product_cat-ene-kuzhine","8":"first","9":"instock","10":"sale","11":"shipping-taxable","12":"purchasable","13":"product-type-simple"},"_links":{"self":[{"href":"https:\/\/homix-ks.com\/en\/wp-json\/wp\/v2\/product\/7003","targetHints":{"allow":["GET"]}}],"collection":[{"href":"https:\/\/homix-ks.com\/en\/wp-json\/wp\/v2\/product"}],"about":[{"href":"https:\/\/homix-ks.com\/en\/wp-json\/wp\/v2\/types\/product"}],"replies":[{"embeddable":true,"href":"https:\/\/homix-ks.com\/en\/wp-json\/wp\/v2\/comments?post=7003"}],"version-history":[{"count":2,"href":"https:\/\/homix-ks.com\/en\/wp-json\/wp\/v2\/product\/7003\/revisions"}],"predecessor-version":[{"id":7109,"href":"https:\/\/homix-ks.com\/en\/wp-json\/wp\/v2\/product\/7003\/revisions\/7109"}],"wp:featuredmedia":[{"embeddable":true,"href":"https:\/\/homix-ks.com\/en\/wp-json\/wp\/v2\/media\/7004"}],"wp:attachment":[{"href":"https:\/\/homix-ks.com\/en\/wp-json\/wp\/v2\/media?parent=7003"}],"wp:term":[{"taxonomy":"brand","embeddable":true,"href":"https:\/\/homix-ks.com\/en\/wp-json\/wp\/v2\/etheme_brands?post=7003"},{"taxonomy":"product_brand","embeddable":true,"href":"https:\/\/homix-ks.com\/en\/wp-json\/wp\/v2\/product_brand?post=7003"},{"taxonomy":"product_cat","embeddable":true,"href":"https:\/\/homix-ks.com\/en\/wp-json\/wp\/v2\/product_cat?post=7003"},{"taxonomy":"product_tag","embeddable":true,"href":"https:\/\/homix-ks.com\/en\/wp-json\/wp\/v2\/product_tag?post=7003"}],"curies":[{"name":"wp","href":"https:\/\/api.w.org\/{rel}","templated":true}]}}