{"id":6988,"date":"2026-03-29T14:18:06","date_gmt":"2026-03-29T14:18:06","guid":{"rendered":"https:\/\/homix-ks.com\/?post_type=product&#038;p=6988"},"modified":"2026-04-02T16:43:39","modified_gmt":"2026-04-02T16:43:39","slug":"ore-muri-gold","status":"publish","type":"product","link":"https:\/\/homix-ks.com\/en\/product\/ore-muri-gold\/","title":{"rendered":"ORE MURI GOLD"},"content":{"rendered":"<p>\u2022 Dizajn Ekskluziv: Kombinim modern i arit me stilin industrial.<\/p>\n<p>\u2022 Detaje Unike: Mekaniz\u00ebm me ingranazhe dekorative.<\/p>\n<p>\u2022 Pamje 3D: Numra t\u00eb m\u00ebdhenj dhe leht\u00ebsisht t\u00eb lexuesh\u00ebm.<\/p>\n<p>\u2022 Stil Luksoz: Ideale p\u00ebr sallone dhe ambiente elegante.<\/p>\n<p>\u2022 Kualitet Premium: Korniz\u00eb metalike e punuar me fines\u00eb.<\/p>","protected":false},"excerpt":{"rendered":"<p>\u2022 Dizajn Ekskluziv: Kombinim modern i arit me stilin industrial. \u2022 Detaje Unike: Mekaniz\u00ebm me ingranazhe dekorative. \u2022 Pamje 3D: Numra t\u00eb m\u00ebdhenj dhe leht\u00ebsisht&#8230;<\/p>","protected":false},"featured_media":6989,"comment_status":"open","ping_status":"closed","template":"","meta":{"_eb_attr":"","content-type":""},"etheme_brands":[],"product_brand":[],"product_cat":[84,104],"product_tag":[],"class_list":{"0":"post-6988","1":"product","2":"type-product","3":"status-publish","4":"has-post-thumbnail","6":"product_cat-dhome-e-ndenjes-ndricim","7":"product_cat-ore-muri","9":"first","10":"instock","11":"sale","12":"shipping-taxable","13":"purchasable","14":"product-type-simple"},"_links":{"self":[{"href":"https:\/\/homix-ks.com\/en\/wp-json\/wp\/v2\/product\/6988","targetHints":{"allow":["GET"]}}],"collection":[{"href":"https:\/\/homix-ks.com\/en\/wp-json\/wp\/v2\/product"}],"about":[{"href":"https:\/\/homix-ks.com\/en\/wp-json\/wp\/v2\/types\/product"}],"replies":[{"embeddable":true,"href":"https:\/\/homix-ks.com\/en\/wp-json\/wp\/v2\/comments?post=6988"}],"version-history":[{"count":2,"href":"https:\/\/homix-ks.com\/en\/wp-json\/wp\/v2\/product\/6988\/revisions"}],"predecessor-version":[{"id":7110,"href":"https:\/\/homix-ks.com\/en\/wp-json\/wp\/v2\/product\/6988\/revisions\/7110"}],"wp:featuredmedia":[{"embeddable":true,"href":"https:\/\/homix-ks.com\/en\/wp-json\/wp\/v2\/media\/6989"}],"wp:attachment":[{"href":"https:\/\/homix-ks.com\/en\/wp-json\/wp\/v2\/media?parent=6988"}],"wp:term":[{"taxonomy":"brand","embeddable":true,"href":"https:\/\/homix-ks.com\/en\/wp-json\/wp\/v2\/etheme_brands?post=6988"},{"taxonomy":"product_brand","embeddable":true,"href":"https:\/\/homix-ks.com\/en\/wp-json\/wp\/v2\/product_brand?post=6988"},{"taxonomy":"product_cat","embeddable":true,"href":"https:\/\/homix-ks.com\/en\/wp-json\/wp\/v2\/product_cat?post=6988"},{"taxonomy":"product_tag","embeddable":true,"href":"https:\/\/homix-ks.com\/en\/wp-json\/wp\/v2\/product_tag?post=6988"}],"curies":[{"name":"wp","href":"https:\/\/api.w.org\/{rel}","templated":true}]}}