{"id":6984,"date":"2026-03-29T13:45:01","date_gmt":"2026-03-29T13:45:01","guid":{"rendered":"https:\/\/homix-ks.com\/?post_type=product&#038;p=6984"},"modified":"2026-04-02T16:54:14","modified_gmt":"2026-04-02T16:54:14","slug":"krypore-4-pcs-e-bardhe","status":"publish","type":"product","link":"https:\/\/homix-ks.com\/en\/product\/krypore-4-pcs-e-bardhe\/","title":{"rendered":"KRYPORE 4PCS E BARDH"},"content":{"rendered":"<p>\u2022 Dizajn Premium: Qeramik\u00eb e bardh\u00eb me tekstur\u00eb unike dhe kapak\u00eb druri bambu.<\/p>\n<p>\u2022 Organizim me Stil: Vazo t\u00eb etiketuara p\u00ebr Spice, Flour, Salt dhe Pepper.<\/p>\n<p>\u2022 Freski e Garantuar: Kapak\u00eb hermetik\u00eb q\u00eb ruajn\u00eb shijen dhe arom\u00ebn e er\u00ebzave.<\/p>\n<p>\u2022 Mbajt\u00ebse Druri: E p\u00ebrfshir\u00eb n\u00eb paketim p\u00ebr nj\u00eb ambient t\u00eb rregullt dhe l\u00ebvizje t\u00eb leht\u00eb.<\/p>\n<p>\u2022 P\u00ebrshtatshm\u00ebri: Ideale p\u00ebr kuzhina moderne, klasike apo minimaliste.<\/p>","protected":false},"excerpt":{"rendered":"<p>\u2022 Dizajn Premium: Qeramik\u00eb e bardh\u00eb me tekstur\u00eb unike dhe kapak\u00eb druri bambu. \u2022 Organizim me Stil: Vazo t\u00eb etiketuara p\u00ebr Spice, Flour, Salt dhe&#8230;<\/p>","protected":false},"featured_media":6985,"comment_status":"open","ping_status":"closed","template":"","meta":{"_eb_attr":"","content-type":""},"etheme_brands":[],"product_brand":[],"product_cat":[96],"product_tag":[],"class_list":{"0":"post-6984","1":"product","2":"type-product","3":"status-publish","4":"has-post-thumbnail","6":"product_cat-ene-kuzhine","8":"first","9":"instock","10":"sale","11":"shipping-taxable","12":"purchasable","13":"product-type-simple"},"_links":{"self":[{"href":"https:\/\/homix-ks.com\/en\/wp-json\/wp\/v2\/product\/6984","targetHints":{"allow":["GET"]}}],"collection":[{"href":"https:\/\/homix-ks.com\/en\/wp-json\/wp\/v2\/product"}],"about":[{"href":"https:\/\/homix-ks.com\/en\/wp-json\/wp\/v2\/types\/product"}],"replies":[{"embeddable":true,"href":"https:\/\/homix-ks.com\/en\/wp-json\/wp\/v2\/comments?post=6984"}],"version-history":[{"count":2,"href":"https:\/\/homix-ks.com\/en\/wp-json\/wp\/v2\/product\/6984\/revisions"}],"predecessor-version":[{"id":7115,"href":"https:\/\/homix-ks.com\/en\/wp-json\/wp\/v2\/product\/6984\/revisions\/7115"}],"wp:featuredmedia":[{"embeddable":true,"href":"https:\/\/homix-ks.com\/en\/wp-json\/wp\/v2\/media\/6985"}],"wp:attachment":[{"href":"https:\/\/homix-ks.com\/en\/wp-json\/wp\/v2\/media?parent=6984"}],"wp:term":[{"taxonomy":"brand","embeddable":true,"href":"https:\/\/homix-ks.com\/en\/wp-json\/wp\/v2\/etheme_brands?post=6984"},{"taxonomy":"product_brand","embeddable":true,"href":"https:\/\/homix-ks.com\/en\/wp-json\/wp\/v2\/product_brand?post=6984"},{"taxonomy":"product_cat","embeddable":true,"href":"https:\/\/homix-ks.com\/en\/wp-json\/wp\/v2\/product_cat?post=6984"},{"taxonomy":"product_tag","embeddable":true,"href":"https:\/\/homix-ks.com\/en\/wp-json\/wp\/v2\/product_tag?post=6984"}],"curies":[{"name":"wp","href":"https:\/\/api.w.org\/{rel}","templated":true}]}}