{"id":6970,"date":"2026-03-29T13:11:08","date_gmt":"2026-03-29T13:11:08","guid":{"rendered":"https:\/\/homix-ks.com\/?post_type=product&#038;p=6970"},"modified":"2026-04-02T16:36:05","modified_gmt":"2026-04-02T16:36:05","slug":"ore-muri-m-9045-a","status":"publish","type":"product","link":"https:\/\/homix-ks.com\/en\/product\/ore-muri-m-9045-a\/","title":{"rendered":"ORE MURI -M-9045 A"},"content":{"rendered":"<p>\u2022 Dizajn modern me numra 3D<\/p>\n<p>\u2022 Ngjyr\u00eb gri metalike + qend\u00ebr e zez\u00eb<\/p>\n<p>\u2022 Akrepa n\u00eb ngjyr\u00eb ari (look luksoz)<\/p>\n<p>\u2022 Material cil\u00ebsor (MDF \/ plastik\u00eb e fort\u00eb)<\/p>\n<p>\u2022 E p\u00ebrshtatshme p\u00ebr sallon, zyr\u00eb, dhom\u00eb gjumi<\/p>\n<p>\u2022 Numra t\u00eb m\u00ebdhenj \u2013 leht\u00eb p\u00ebr lexim<\/p>","protected":false},"excerpt":{"rendered":"<p>\u2022 Dizajn modern me numra 3D \u2022 Ngjyr\u00eb gri metalike + qend\u00ebr e zez\u00eb \u2022 Akrepa n\u00eb ngjyr\u00eb ari (look luksoz) \u2022 Material cil\u00ebsor (MDF&#8230;<\/p>","protected":false},"featured_media":6972,"comment_status":"open","ping_status":"closed","template":"","meta":{"_eb_attr":"","content-type":""},"etheme_brands":[],"product_brand":[],"product_cat":[85,84,104],"product_tag":[],"class_list":{"0":"post-6970","1":"product","2":"type-product","3":"status-publish","4":"has-post-thumbnail","6":"product_cat-dhome-e-ndejnjes","7":"product_cat-dhome-e-ndenjes-ndricim","8":"product_cat-ore-muri","10":"first","11":"instock","12":"sale","13":"shipping-taxable","14":"purchasable","15":"product-type-simple"},"_links":{"self":[{"href":"https:\/\/homix-ks.com\/en\/wp-json\/wp\/v2\/product\/6970","targetHints":{"allow":["GET"]}}],"collection":[{"href":"https:\/\/homix-ks.com\/en\/wp-json\/wp\/v2\/product"}],"about":[{"href":"https:\/\/homix-ks.com\/en\/wp-json\/wp\/v2\/types\/product"}],"replies":[{"embeddable":true,"href":"https:\/\/homix-ks.com\/en\/wp-json\/wp\/v2\/comments?post=6970"}],"version-history":[{"count":2,"href":"https:\/\/homix-ks.com\/en\/wp-json\/wp\/v2\/product\/6970\/revisions"}],"predecessor-version":[{"id":7103,"href":"https:\/\/homix-ks.com\/en\/wp-json\/wp\/v2\/product\/6970\/revisions\/7103"}],"wp:featuredmedia":[{"embeddable":true,"href":"https:\/\/homix-ks.com\/en\/wp-json\/wp\/v2\/media\/6972"}],"wp:attachment":[{"href":"https:\/\/homix-ks.com\/en\/wp-json\/wp\/v2\/media?parent=6970"}],"wp:term":[{"taxonomy":"brand","embeddable":true,"href":"https:\/\/homix-ks.com\/en\/wp-json\/wp\/v2\/etheme_brands?post=6970"},{"taxonomy":"product_brand","embeddable":true,"href":"https:\/\/homix-ks.com\/en\/wp-json\/wp\/v2\/product_brand?post=6970"},{"taxonomy":"product_cat","embeddable":true,"href":"https:\/\/homix-ks.com\/en\/wp-json\/wp\/v2\/product_cat?post=6970"},{"taxonomy":"product_tag","embeddable":true,"href":"https:\/\/homix-ks.com\/en\/wp-json\/wp\/v2\/product_tag?post=6970"}],"curies":[{"name":"wp","href":"https:\/\/api.w.org\/{rel}","templated":true}]}}