{"id":6965,"date":"2026-03-28T12:57:02","date_gmt":"2026-03-28T12:57:02","guid":{"rendered":"https:\/\/homix-ks.com\/?post_type=product&#038;p=6965"},"modified":"2026-03-31T14:39:45","modified_gmt":"2026-03-31T14:39:45","slug":"set-thika-1-7-alm-01","status":"publish","type":"product","link":"https:\/\/homix-ks.com\/en\/product\/set-thika-1-7-alm-01\/","title":{"rendered":"SET THIKA 1\/7 -ALM- 0088 G"},"content":{"rendered":"<p>\u2022 Set thikash kuzhine me dizajn modern<\/p>\n<p>\u2022 Ngjyr\u00eb gri me efekt pikash elegante<\/p>\n<p>\u2022 Material: \u00e7elik inox p\u00ebr tehun + dorez\u00eb ergonomike me veshje rezistente<\/p>\n<p>\u2022 Mbajt\u00ebse solide (bllok) p\u00ebr organizim t\u00eb leht\u00eb<\/p>\n<p>\u2022 Leht\u00eb p\u00ebr pastrim dhe p\u00ebrdorim t\u00eb p\u00ebrditsh\u00ebm<\/p>","protected":false},"excerpt":{"rendered":"<p>\u2022 Set thikash kuzhine me dizajn modern \u2022 Ngjyr\u00eb gri me efekt pikash elegante \u2022 Material: \u00e7elik inox p\u00ebr tehun + dorez\u00eb ergonomike me veshje&#8230;<\/p>","protected":false},"featured_media":6966,"comment_status":"open","ping_status":"closed","template":"","meta":{"_eb_attr":"","content-type":""},"etheme_brands":[],"product_brand":[],"product_cat":[96],"product_tag":[],"class_list":{"0":"post-6965","1":"product","2":"type-product","3":"status-publish","4":"has-post-thumbnail","6":"product_cat-ene-kuzhine","8":"first","9":"instock","10":"sale","11":"shipping-taxable","12":"purchasable","13":"product-type-simple"},"_links":{"self":[{"href":"https:\/\/homix-ks.com\/en\/wp-json\/wp\/v2\/product\/6965","targetHints":{"allow":["GET"]}}],"collection":[{"href":"https:\/\/homix-ks.com\/en\/wp-json\/wp\/v2\/product"}],"about":[{"href":"https:\/\/homix-ks.com\/en\/wp-json\/wp\/v2\/types\/product"}],"replies":[{"embeddable":true,"href":"https:\/\/homix-ks.com\/en\/wp-json\/wp\/v2\/comments?post=6965"}],"version-history":[{"count":3,"href":"https:\/\/homix-ks.com\/en\/wp-json\/wp\/v2\/product\/6965\/revisions"}],"predecessor-version":[{"id":7025,"href":"https:\/\/homix-ks.com\/en\/wp-json\/wp\/v2\/product\/6965\/revisions\/7025"}],"wp:featuredmedia":[{"embeddable":true,"href":"https:\/\/homix-ks.com\/en\/wp-json\/wp\/v2\/media\/6966"}],"wp:attachment":[{"href":"https:\/\/homix-ks.com\/en\/wp-json\/wp\/v2\/media?parent=6965"}],"wp:term":[{"taxonomy":"brand","embeddable":true,"href":"https:\/\/homix-ks.com\/en\/wp-json\/wp\/v2\/etheme_brands?post=6965"},{"taxonomy":"product_brand","embeddable":true,"href":"https:\/\/homix-ks.com\/en\/wp-json\/wp\/v2\/product_brand?post=6965"},{"taxonomy":"product_cat","embeddable":true,"href":"https:\/\/homix-ks.com\/en\/wp-json\/wp\/v2\/product_cat?post=6965"},{"taxonomy":"product_tag","embeddable":true,"href":"https:\/\/homix-ks.com\/en\/wp-json\/wp\/v2\/product_tag?post=6965"}],"curies":[{"name":"wp","href":"https:\/\/api.w.org\/{rel}","templated":true}]}}