{"id":6958,"date":"2026-03-28T10:00:46","date_gmt":"2026-03-28T10:00:46","guid":{"rendered":"https:\/\/homix-ks.com\/?post_type=product&#038;p=6958"},"modified":"2026-04-02T16:46:10","modified_gmt":"2026-04-02T16:46:10","slug":"shpuzore","status":"publish","type":"product","link":"https:\/\/homix-ks.com\/en\/product\/shpuzore\/","title":{"rendered":"SHPUZORE"},"content":{"rendered":"<p>Dizajn elegant me efekt qelqi transparent n\u00eb ngjyr\u00eb ari<\/p>\n<p>Form\u00eb e rrumbullak\u00ebt me detaje t\u00eb skalitura p\u00ebr pamje luksoze<\/p>\n<p>Material cil\u00ebsor, rezistent ndaj nxeht\u00ebsis\u00eb<\/p>\n<p>E p\u00ebrshtatshme p\u00ebr p\u00ebrdorim n\u00eb ambiente t\u00eb brendshme dhe t\u00eb jashtme<\/p>\n<p>Leht\u00eb p\u00ebr pastrim dhe mir\u00ebmbajtje<\/p>\n<p>Ideale p\u00ebr dekor tavoline apo dhurat\u00eb elegante<\/p>","protected":false},"excerpt":{"rendered":"<p>Dizajn elegant me efekt qelqi transparent n\u00eb ngjyr\u00eb ari Form\u00eb e rrumbullak\u00ebt me detaje t\u00eb skalitura p\u00ebr pamje luksoze Material cil\u00ebsor, rezistent ndaj nxeht\u00ebsis\u00eb E&#8230;<\/p>","protected":false},"featured_media":6959,"comment_status":"open","ping_status":"closed","template":"","meta":{"_eb_attr":"","content-type":""},"etheme_brands":[],"product_brand":[],"product_cat":[73],"product_tag":[],"class_list":{"0":"post-6958","1":"product","2":"type-product","3":"status-publish","4":"has-post-thumbnail","6":"product_cat-pajisje-kuzhine","8":"first","9":"instock","10":"sale","11":"shipping-taxable","12":"purchasable","13":"product-type-simple"},"_links":{"self":[{"href":"https:\/\/homix-ks.com\/en\/wp-json\/wp\/v2\/product\/6958","targetHints":{"allow":["GET"]}}],"collection":[{"href":"https:\/\/homix-ks.com\/en\/wp-json\/wp\/v2\/product"}],"about":[{"href":"https:\/\/homix-ks.com\/en\/wp-json\/wp\/v2\/types\/product"}],"replies":[{"embeddable":true,"href":"https:\/\/homix-ks.com\/en\/wp-json\/wp\/v2\/comments?post=6958"}],"version-history":[{"count":2,"href":"https:\/\/homix-ks.com\/en\/wp-json\/wp\/v2\/product\/6958\/revisions"}],"predecessor-version":[{"id":7113,"href":"https:\/\/homix-ks.com\/en\/wp-json\/wp\/v2\/product\/6958\/revisions\/7113"}],"wp:featuredmedia":[{"embeddable":true,"href":"https:\/\/homix-ks.com\/en\/wp-json\/wp\/v2\/media\/6959"}],"wp:attachment":[{"href":"https:\/\/homix-ks.com\/en\/wp-json\/wp\/v2\/media?parent=6958"}],"wp:term":[{"taxonomy":"brand","embeddable":true,"href":"https:\/\/homix-ks.com\/en\/wp-json\/wp\/v2\/etheme_brands?post=6958"},{"taxonomy":"product_brand","embeddable":true,"href":"https:\/\/homix-ks.com\/en\/wp-json\/wp\/v2\/product_brand?post=6958"},{"taxonomy":"product_cat","embeddable":true,"href":"https:\/\/homix-ks.com\/en\/wp-json\/wp\/v2\/product_cat?post=6958"},{"taxonomy":"product_tag","embeddable":true,"href":"https:\/\/homix-ks.com\/en\/wp-json\/wp\/v2\/product_tag?post=6958"}],"curies":[{"name":"wp","href":"https:\/\/api.w.org\/{rel}","templated":true}]}}