{"id":6951,"date":"2026-03-28T09:55:45","date_gmt":"2026-03-28T09:55:45","guid":{"rendered":"https:\/\/homix-ks.com\/?post_type=product&#038;p=6951"},"modified":"2026-04-02T17:43:21","modified_gmt":"2026-04-02T17:43:21","slug":"set-ushqimi-1-24-303-24","status":"publish","type":"product","link":"https:\/\/homix-ks.com\/en\/product\/set-ushqimi-1-24-303-24\/","title":{"rendered":"SET USHQIMI 1\/24 &#8211; 303-24"},"content":{"rendered":"<p>Set i plot\u00eb me pjata dhe tasa p\u00ebr servirje t\u00eb p\u00ebrditshme ose raste speciale<\/p>\n<p>Ngjyr\u00eb neutrale elegante q\u00eb kombinohet leht\u00ebsisht me \u00e7do dekor<\/p>\n<p>Material porcelan i q\u00ebndruesh\u00ebm dhe rezistent ndaj p\u00ebrdorimit t\u00eb p\u00ebrditsh\u00ebm<\/p>\n<p>Dizajn modern me linja t\u00eb pastra dhe minimaliste<\/p>\n<p>I p\u00ebrshtatsh\u00ebm p\u00ebr larje n\u00eb en\u00eblar\u00ebse<\/p>\n<p>Zgjedhje ideale p\u00ebr familje, evente apo dhurata \ud83c\udf81<\/p>","protected":false},"excerpt":{"rendered":"<p>Set i plot\u00eb me pjata dhe tasa p\u00ebr servirje t\u00eb p\u00ebrditshme ose raste speciale Ngjyr\u00eb neutrale elegante q\u00eb kombinohet leht\u00ebsisht me \u00e7do dekor Material porcelan&#8230;<\/p>","protected":false},"featured_media":6952,"comment_status":"open","ping_status":"closed","template":"","meta":{"_eb_attr":"","content-type":""},"etheme_brands":[],"product_brand":[],"product_cat":[96],"product_tag":[],"class_list":{"0":"post-6951","1":"product","2":"type-product","3":"status-publish","4":"has-post-thumbnail","6":"product_cat-ene-kuzhine","8":"first","9":"instock","10":"sale","11":"shipping-taxable","12":"purchasable","13":"product-type-simple"},"_links":{"self":[{"href":"https:\/\/homix-ks.com\/en\/wp-json\/wp\/v2\/product\/6951","targetHints":{"allow":["GET"]}}],"collection":[{"href":"https:\/\/homix-ks.com\/en\/wp-json\/wp\/v2\/product"}],"about":[{"href":"https:\/\/homix-ks.com\/en\/wp-json\/wp\/v2\/types\/product"}],"replies":[{"embeddable":true,"href":"https:\/\/homix-ks.com\/en\/wp-json\/wp\/v2\/comments?post=6951"}],"version-history":[{"count":2,"href":"https:\/\/homix-ks.com\/en\/wp-json\/wp\/v2\/product\/6951\/revisions"}],"predecessor-version":[{"id":7118,"href":"https:\/\/homix-ks.com\/en\/wp-json\/wp\/v2\/product\/6951\/revisions\/7118"}],"wp:featuredmedia":[{"embeddable":true,"href":"https:\/\/homix-ks.com\/en\/wp-json\/wp\/v2\/media\/6952"}],"wp:attachment":[{"href":"https:\/\/homix-ks.com\/en\/wp-json\/wp\/v2\/media?parent=6951"}],"wp:term":[{"taxonomy":"brand","embeddable":true,"href":"https:\/\/homix-ks.com\/en\/wp-json\/wp\/v2\/etheme_brands?post=6951"},{"taxonomy":"product_brand","embeddable":true,"href":"https:\/\/homix-ks.com\/en\/wp-json\/wp\/v2\/product_brand?post=6951"},{"taxonomy":"product_cat","embeddable":true,"href":"https:\/\/homix-ks.com\/en\/wp-json\/wp\/v2\/product_cat?post=6951"},{"taxonomy":"product_tag","embeddable":true,"href":"https:\/\/homix-ks.com\/en\/wp-json\/wp\/v2\/product_tag?post=6951"}],"curies":[{"name":"wp","href":"https:\/\/api.w.org\/{rel}","templated":true}]}}