{"id":6945,"date":"2026-03-28T09:41:29","date_gmt":"2026-03-28T09:41:29","guid":{"rendered":"https:\/\/homix-ks.com\/?post_type=product&#038;p=6945"},"modified":"2026-03-31T13:36:08","modified_gmt":"2026-03-31T13:36:08","slug":"set-porcelani-pw-46","status":"publish","type":"product","link":"https:\/\/homix-ks.com\/en\/product\/set-porcelani-pw-46\/","title":{"rendered":"Set porcelani -PW- 46"},"content":{"rendered":"<p>\u2022 Set porcelani elegant p\u00ebr tryez\u00eb moderne<\/p>\n<p>\u2022 P\u00ebrfshin pjata, tasa, filxhan\u00eb dhe aksesor\u00eb<\/p>\n<p>\u2022 Dizajn minimalist dhe i rafinuar<\/p>\n<p>\u2022 Material i q\u00ebndruesh\u00ebm p\u00ebr p\u00ebrdorim t\u00eb p\u00ebrditsh\u00ebm<\/p>\n<p>\u2022 I leht\u00eb p\u00ebr pastrim <\/p>\n<p>\u2022 Ideal p\u00ebr p\u00ebrdorim dhe dhurat\u00eb<\/p>","protected":false},"excerpt":{"rendered":"<p>\u2022 Set porcelani elegant p\u00ebr tryez\u00eb moderne \u2022 P\u00ebrfshin pjata, tasa, filxhan\u00eb dhe aksesor\u00eb \u2022 Dizajn minimalist dhe i rafinuar \u2022 Material i q\u00ebndruesh\u00ebm p\u00ebr&#8230;<\/p>","protected":false},"featured_media":6946,"comment_status":"open","ping_status":"closed","template":"","meta":{"_eb_attr":"","content-type":""},"etheme_brands":[],"product_brand":[],"product_cat":[96],"product_tag":[],"class_list":{"0":"post-6945","1":"product","2":"type-product","3":"status-publish","4":"has-post-thumbnail","6":"product_cat-ene-kuzhine","8":"first","9":"instock","10":"sale","11":"shipping-taxable","12":"purchasable","13":"product-type-simple"},"_links":{"self":[{"href":"https:\/\/homix-ks.com\/en\/wp-json\/wp\/v2\/product\/6945","targetHints":{"allow":["GET"]}}],"collection":[{"href":"https:\/\/homix-ks.com\/en\/wp-json\/wp\/v2\/product"}],"about":[{"href":"https:\/\/homix-ks.com\/en\/wp-json\/wp\/v2\/types\/product"}],"replies":[{"embeddable":true,"href":"https:\/\/homix-ks.com\/en\/wp-json\/wp\/v2\/comments?post=6945"}],"version-history":[{"count":1,"href":"https:\/\/homix-ks.com\/en\/wp-json\/wp\/v2\/product\/6945\/revisions"}],"predecessor-version":[{"id":6947,"href":"https:\/\/homix-ks.com\/en\/wp-json\/wp\/v2\/product\/6945\/revisions\/6947"}],"wp:featuredmedia":[{"embeddable":true,"href":"https:\/\/homix-ks.com\/en\/wp-json\/wp\/v2\/media\/6946"}],"wp:attachment":[{"href":"https:\/\/homix-ks.com\/en\/wp-json\/wp\/v2\/media?parent=6945"}],"wp:term":[{"taxonomy":"brand","embeddable":true,"href":"https:\/\/homix-ks.com\/en\/wp-json\/wp\/v2\/etheme_brands?post=6945"},{"taxonomy":"product_brand","embeddable":true,"href":"https:\/\/homix-ks.com\/en\/wp-json\/wp\/v2\/product_brand?post=6945"},{"taxonomy":"product_cat","embeddable":true,"href":"https:\/\/homix-ks.com\/en\/wp-json\/wp\/v2\/product_cat?post=6945"},{"taxonomy":"product_tag","embeddable":true,"href":"https:\/\/homix-ks.com\/en\/wp-json\/wp\/v2\/product_tag?post=6945"}],"curies":[{"name":"wp","href":"https:\/\/api.w.org\/{rel}","templated":true}]}}