{"id":6938,"date":"2026-03-28T09:22:38","date_gmt":"2026-03-28T09:22:38","guid":{"rendered":"https:\/\/homix-ks.com\/?post_type=product&#038;p=6938"},"modified":"2026-04-04T07:42:20","modified_gmt":"2026-04-04T07:42:20","slug":"set-qelqi-1-5-s2-2","status":"publish","type":"product","link":"https:\/\/homix-ks.com\/en\/product\/set-qelqi-1-5-s2-2\/","title":{"rendered":"SET QELQI 1\/4 -S2-2"},"content":{"rendered":"<p>\u2022 P\u00ebrmbajtja: Set i kompletuar me 4 gota dhe 1 brok\u00eb (bakall) koordinuese.<\/p>\n<p>\u2022 Dizajni: Tekstur\u00eb moderne me efekt &#8220;xham i thyer&#8221; q\u00eb reflekton drit\u00ebn bukur.<\/p>\n<p>\u2022 Materiali: Xham cil\u00ebsor me ngjyr\u00eb t\u00eb hirt\u00eb (smoke) transparente.<\/p>\n<p>\u2022 Stili: Pamje minimaliste q\u00eb p\u00ebrshtatet n\u00eb \u00e7do tavolin\u00eb apo kuzhin\u00eb moderne.<\/p>\n<p>\u2022 Funksionaliteti: Brok\u00eb me kapak ergonomik p\u00ebr sh\u00ebrbim praktik dhe t\u00eb past\u00ebr.<\/p>","protected":false},"excerpt":{"rendered":"<p>\u2022 P\u00ebrmbajtja: Set i kompletuar me 4 gota dhe 1 brok\u00eb (bakall) koordinuese. \u2022 Dizajni: Tekstur\u00eb moderne me efekt &#8220;xham i thyer&#8221; q\u00eb reflekton drit\u00ebn&#8230;<\/p>","protected":false},"featured_media":7126,"comment_status":"open","ping_status":"closed","template":"","meta":{"_eb_attr":"","content-type":""},"etheme_brands":[],"product_brand":[],"product_cat":[96],"product_tag":[],"class_list":{"0":"post-6938","1":"product","2":"type-product","3":"status-publish","4":"has-post-thumbnail","6":"product_cat-ene-kuzhine","8":"first","9":"instock","10":"sale","11":"shipping-taxable","12":"purchasable","13":"product-type-simple"},"_links":{"self":[{"href":"https:\/\/homix-ks.com\/en\/wp-json\/wp\/v2\/product\/6938","targetHints":{"allow":["GET"]}}],"collection":[{"href":"https:\/\/homix-ks.com\/en\/wp-json\/wp\/v2\/product"}],"about":[{"href":"https:\/\/homix-ks.com\/en\/wp-json\/wp\/v2\/types\/product"}],"replies":[{"embeddable":true,"href":"https:\/\/homix-ks.com\/en\/wp-json\/wp\/v2\/comments?post=6938"}],"version-history":[{"count":3,"href":"https:\/\/homix-ks.com\/en\/wp-json\/wp\/v2\/product\/6938\/revisions"}],"predecessor-version":[{"id":7119,"href":"https:\/\/homix-ks.com\/en\/wp-json\/wp\/v2\/product\/6938\/revisions\/7119"}],"wp:featuredmedia":[{"embeddable":true,"href":"https:\/\/homix-ks.com\/en\/wp-json\/wp\/v2\/media\/7126"}],"wp:attachment":[{"href":"https:\/\/homix-ks.com\/en\/wp-json\/wp\/v2\/media?parent=6938"}],"wp:term":[{"taxonomy":"brand","embeddable":true,"href":"https:\/\/homix-ks.com\/en\/wp-json\/wp\/v2\/etheme_brands?post=6938"},{"taxonomy":"product_brand","embeddable":true,"href":"https:\/\/homix-ks.com\/en\/wp-json\/wp\/v2\/product_brand?post=6938"},{"taxonomy":"product_cat","embeddable":true,"href":"https:\/\/homix-ks.com\/en\/wp-json\/wp\/v2\/product_cat?post=6938"},{"taxonomy":"product_tag","embeddable":true,"href":"https:\/\/homix-ks.com\/en\/wp-json\/wp\/v2\/product_tag?post=6938"}],"curies":[{"name":"wp","href":"https:\/\/api.w.org\/{rel}","templated":true}]}}