{"id":6935,"date":"2026-03-28T09:04:22","date_gmt":"2026-03-28T09:04:22","guid":{"rendered":"https:\/\/homix-ks.com\/?post_type=product&#038;p=6935"},"modified":"2026-04-04T07:49:32","modified_gmt":"2026-04-04T07:49:32","slug":"set-qelqi-1-5-s2-1","status":"publish","type":"product","link":"https:\/\/homix-ks.com\/en\/product\/set-qelqi-1-5-s2-1\/","title":{"rendered":"Set qelqi 1\/5-S2-1"},"content":{"rendered":"<p>\u2022 Material Xhami i Trash\u00eb: Cil\u00ebsi e lart\u00eb, i q\u00ebndruesh\u00ebm dhe rezistent.<\/p>\n<p>\u2022 Ngjyr\u00eb Mjalti: Pamje luksoze q\u00eb nuk zbehet me koh\u00ebn.<\/p>\n<p>\u2022 Dizajn me Reliev: Tekstur\u00eb elegante q\u00eb parandalon rr\u00ebshqitjen.<\/p>\n<p>\u2022 Set 1+4: P\u00ebrfshin brok\u00ebn (bakallin) dhe 4 gota t\u00eb koordinuara.<\/p>\n<p>\u2022 P\u00ebrdorim i Shkatht\u00eb: Ideale p\u00ebr uj\u00eb, l\u00ebngje ose pije festive.<\/p>","protected":false},"excerpt":{"rendered":"<p>\u2022 Material Xhami i Trash\u00eb: Cil\u00ebsi e lart\u00eb, i q\u00ebndruesh\u00ebm dhe rezistent. \u2022 Ngjyr\u00eb Mjalti: Pamje luksoze q\u00eb nuk zbehet me koh\u00ebn. \u2022 Dizajn me&#8230;<\/p>","protected":false},"featured_media":7125,"comment_status":"open","ping_status":"closed","template":"","meta":{"_eb_attr":"","content-type":""},"etheme_brands":[],"product_brand":[],"product_cat":[96],"product_tag":[],"class_list":{"0":"post-6935","1":"product","2":"type-product","3":"status-publish","4":"has-post-thumbnail","6":"product_cat-ene-kuzhine","8":"first","9":"instock","10":"sale","11":"shipping-taxable","12":"purchasable","13":"product-type-simple"},"_links":{"self":[{"href":"https:\/\/homix-ks.com\/en\/wp-json\/wp\/v2\/product\/6935","targetHints":{"allow":["GET"]}}],"collection":[{"href":"https:\/\/homix-ks.com\/en\/wp-json\/wp\/v2\/product"}],"about":[{"href":"https:\/\/homix-ks.com\/en\/wp-json\/wp\/v2\/types\/product"}],"replies":[{"embeddable":true,"href":"https:\/\/homix-ks.com\/en\/wp-json\/wp\/v2\/comments?post=6935"}],"version-history":[{"count":2,"href":"https:\/\/homix-ks.com\/en\/wp-json\/wp\/v2\/product\/6935\/revisions"}],"predecessor-version":[{"id":7020,"href":"https:\/\/homix-ks.com\/en\/wp-json\/wp\/v2\/product\/6935\/revisions\/7020"}],"wp:featuredmedia":[{"embeddable":true,"href":"https:\/\/homix-ks.com\/en\/wp-json\/wp\/v2\/media\/7125"}],"wp:attachment":[{"href":"https:\/\/homix-ks.com\/en\/wp-json\/wp\/v2\/media?parent=6935"}],"wp:term":[{"taxonomy":"brand","embeddable":true,"href":"https:\/\/homix-ks.com\/en\/wp-json\/wp\/v2\/etheme_brands?post=6935"},{"taxonomy":"product_brand","embeddable":true,"href":"https:\/\/homix-ks.com\/en\/wp-json\/wp\/v2\/product_brand?post=6935"},{"taxonomy":"product_cat","embeddable":true,"href":"https:\/\/homix-ks.com\/en\/wp-json\/wp\/v2\/product_cat?post=6935"},{"taxonomy":"product_tag","embeddable":true,"href":"https:\/\/homix-ks.com\/en\/wp-json\/wp\/v2\/product_tag?post=6935"}],"curies":[{"name":"wp","href":"https:\/\/api.w.org\/{rel}","templated":true}]}}