{"id":6929,"date":"2026-03-28T08:49:26","date_gmt":"2026-03-28T08:49:26","guid":{"rendered":"https:\/\/homix-ks.com\/?post_type=product&#038;p=6929"},"modified":"2026-03-31T13:56:54","modified_gmt":"2026-03-31T13:56:54","slug":"set-thika-1-7-alm-0088-w","status":"publish","type":"product","link":"https:\/\/homix-ks.com\/en\/product\/set-thika-1-7-alm-0088-w\/","title":{"rendered":"Set thika 1\/7-ALM-0088 W"},"content":{"rendered":"<p>\u2022 Material: \u00e7elik inox (stainless steel) + doreza ergonomike<\/p>\n<p>\u2022 Set komplet me disa lloje thikash + g\u00ebrsh\u00ebr\u00eb<\/p>\n<p>\u2022 Bllok mbajt\u00ebs kompakt dhe modern<\/p>\n<p>\u2022 Teh i mpreht\u00eb dhe rezistent ndaj ndryshkut<\/p>\n<p>\u2022 Dizajn elegant, i p\u00ebrshtatsh\u00ebm p\u00ebr kuzhina moderne<\/p>\n<p>\u2022 Kapje e rehatshme dhe e sigurt gjat\u00eb p\u00ebrdorimit<\/p>","protected":false},"excerpt":{"rendered":"<p>\u2022 Material: \u00e7elik inox (stainless steel) + doreza ergonomike \u2022 Set komplet me disa lloje thikash + g\u00ebrsh\u00ebr\u00eb \u2022 Bllok mbajt\u00ebs kompakt dhe modern \u2022&#8230;<\/p>","protected":false},"featured_media":6930,"comment_status":"open","ping_status":"closed","template":"","meta":{"_eb_attr":"","content-type":""},"etheme_brands":[],"product_brand":[],"product_cat":[96],"product_tag":[],"class_list":{"0":"post-6929","1":"product","2":"type-product","3":"status-publish","4":"has-post-thumbnail","6":"product_cat-ene-kuzhine","8":"first","9":"instock","10":"sale","11":"shipping-taxable","12":"purchasable","13":"product-type-simple"},"_links":{"self":[{"href":"https:\/\/homix-ks.com\/en\/wp-json\/wp\/v2\/product\/6929","targetHints":{"allow":["GET"]}}],"collection":[{"href":"https:\/\/homix-ks.com\/en\/wp-json\/wp\/v2\/product"}],"about":[{"href":"https:\/\/homix-ks.com\/en\/wp-json\/wp\/v2\/types\/product"}],"replies":[{"embeddable":true,"href":"https:\/\/homix-ks.com\/en\/wp-json\/wp\/v2\/comments?post=6929"}],"version-history":[{"count":1,"href":"https:\/\/homix-ks.com\/en\/wp-json\/wp\/v2\/product\/6929\/revisions"}],"predecessor-version":[{"id":6931,"href":"https:\/\/homix-ks.com\/en\/wp-json\/wp\/v2\/product\/6929\/revisions\/6931"}],"wp:featuredmedia":[{"embeddable":true,"href":"https:\/\/homix-ks.com\/en\/wp-json\/wp\/v2\/media\/6930"}],"wp:attachment":[{"href":"https:\/\/homix-ks.com\/en\/wp-json\/wp\/v2\/media?parent=6929"}],"wp:term":[{"taxonomy":"brand","embeddable":true,"href":"https:\/\/homix-ks.com\/en\/wp-json\/wp\/v2\/etheme_brands?post=6929"},{"taxonomy":"product_brand","embeddable":true,"href":"https:\/\/homix-ks.com\/en\/wp-json\/wp\/v2\/product_brand?post=6929"},{"taxonomy":"product_cat","embeddable":true,"href":"https:\/\/homix-ks.com\/en\/wp-json\/wp\/v2\/product_cat?post=6929"},{"taxonomy":"product_tag","embeddable":true,"href":"https:\/\/homix-ks.com\/en\/wp-json\/wp\/v2\/product_tag?post=6929"}],"curies":[{"name":"wp","href":"https:\/\/api.w.org\/{rel}","templated":true}]}}