{"id":6924,"date":"2026-03-28T08:43:14","date_gmt":"2026-03-28T08:43:14","guid":{"rendered":"https:\/\/homix-ks.com\/?post_type=product&#038;p=6924"},"modified":"2026-03-31T13:39:42","modified_gmt":"2026-03-31T13:39:42","slug":"set-porcelani-1-46-163-a259","status":"publish","type":"product","link":"https:\/\/homix-ks.com\/en\/product\/set-porcelani-1-46-163-a259\/","title":{"rendered":"Set porcelani 1\/46 &#8211; 163-A259"},"content":{"rendered":"<p>\u2022 Dizajn Mbret\u00ebror: Stil barok me detaje luksoze n\u00eb t\u00eb zez\u00eb dhe flori.<\/p>\n<p>\u2022 Porcelan Premium: Material cil\u00ebsor me shk\u00eblqim t\u00eb lart\u00eb dhe jet\u00ebgjat\u00ebsi.<\/p>\n<p>\u2022 Set i Plot\u00eb: P\u00ebrfshin pjatat e ngr\u00ebnies, supier\u00ebn dhe setin e kafes\u00eb.<\/p>\n<p>\u2022 Punim me Reliev: Tekstur\u00eb elegante q\u00eb shton ndjesin\u00eb e luksit n\u00eb prekje.<\/p>\n<p>\u2022 Ideale p\u00ebr Dhurata: Zgjedhje perfekte p\u00ebr raste festive dhe sht\u00ebpi t\u00eb reja.<\/p>","protected":false},"excerpt":{"rendered":"<p>\u2022 Dizajn Mbret\u00ebror: Stil barok me detaje luksoze n\u00eb t\u00eb zez\u00eb dhe flori. \u2022 Porcelan Premium: Material cil\u00ebsor me shk\u00eblqim t\u00eb lart\u00eb dhe jet\u00ebgjat\u00ebsi. \u2022&#8230;<\/p>","protected":false},"featured_media":6925,"comment_status":"open","ping_status":"closed","template":"","meta":{"_eb_attr":"","content-type":""},"etheme_brands":[],"product_brand":[],"product_cat":[96],"product_tag":[],"class_list":{"0":"post-6924","1":"product","2":"type-product","3":"status-publish","4":"has-post-thumbnail","6":"product_cat-ene-kuzhine","8":"first","9":"instock","10":"sale","11":"shipping-taxable","12":"purchasable","13":"product-type-simple"},"_links":{"self":[{"href":"https:\/\/homix-ks.com\/en\/wp-json\/wp\/v2\/product\/6924","targetHints":{"allow":["GET"]}}],"collection":[{"href":"https:\/\/homix-ks.com\/en\/wp-json\/wp\/v2\/product"}],"about":[{"href":"https:\/\/homix-ks.com\/en\/wp-json\/wp\/v2\/types\/product"}],"replies":[{"embeddable":true,"href":"https:\/\/homix-ks.com\/en\/wp-json\/wp\/v2\/comments?post=6924"}],"version-history":[{"count":1,"href":"https:\/\/homix-ks.com\/en\/wp-json\/wp\/v2\/product\/6924\/revisions"}],"predecessor-version":[{"id":6926,"href":"https:\/\/homix-ks.com\/en\/wp-json\/wp\/v2\/product\/6924\/revisions\/6926"}],"wp:featuredmedia":[{"embeddable":true,"href":"https:\/\/homix-ks.com\/en\/wp-json\/wp\/v2\/media\/6925"}],"wp:attachment":[{"href":"https:\/\/homix-ks.com\/en\/wp-json\/wp\/v2\/media?parent=6924"}],"wp:term":[{"taxonomy":"brand","embeddable":true,"href":"https:\/\/homix-ks.com\/en\/wp-json\/wp\/v2\/etheme_brands?post=6924"},{"taxonomy":"product_brand","embeddable":true,"href":"https:\/\/homix-ks.com\/en\/wp-json\/wp\/v2\/product_brand?post=6924"},{"taxonomy":"product_cat","embeddable":true,"href":"https:\/\/homix-ks.com\/en\/wp-json\/wp\/v2\/product_cat?post=6924"},{"taxonomy":"product_tag","embeddable":true,"href":"https:\/\/homix-ks.com\/en\/wp-json\/wp\/v2\/product_tag?post=6924"}],"curies":[{"name":"wp","href":"https:\/\/api.w.org\/{rel}","templated":true}]}}