{"id":6913,"date":"2026-03-27T19:40:29","date_gmt":"2026-03-27T19:40:29","guid":{"rendered":"https:\/\/homix-ks.com\/?post_type=product&#038;p=6913"},"modified":"2026-03-31T16:00:22","modified_gmt":"2026-03-31T16:00:22","slug":"filxhan-per-caj-d07g-y384-b","status":"publish","type":"product","link":"https:\/\/homix-ks.com\/en\/product\/filxhan-per-caj-d07g-y384-b\/","title":{"rendered":"Filxhana per caj -D07G-Y384 B"},"content":{"rendered":"<p>\u2022 Materiali: Porcelan cil\u00ebsor.<\/p>\n<p>\u2022 Dizajni: Sip\u00ebrfaqe me vija vertikale shum\u00eb elegante.<\/p>\n<p>\u2022 Detaje Luksoze: Shirit i holl\u00eb argjendi n\u00eb buz\u00eb.<\/p>\n<p>\u2022 Ngjyr\u00eb e Bardh\u00eb: E past\u00ebr dhe e leht\u00eb p\u00ebr t&#8217;u kombinuar.<\/p>\n<p>\u2022 P\u00ebrdorimi: Ideal p\u00ebr \u00e7aj ose kafe n\u00eb raste festive.<\/p>","protected":false},"excerpt":{"rendered":"<p>\u2022 Materiali: Porcelan cil\u00ebsor. \u2022 Dizajni: Sip\u00ebrfaqe me vija vertikale shum\u00eb elegante. \u2022 Detaje Luksoze: Shirit i holl\u00eb argjendi n\u00eb buz\u00eb. \u2022 Ngjyr\u00eb e Bardh\u00eb:&#8230;<\/p>","protected":false},"featured_media":6922,"comment_status":"open","ping_status":"closed","template":"","meta":{"_eb_attr":"","content-type":""},"etheme_brands":[],"product_brand":[],"product_cat":[96],"product_tag":[],"class_list":{"0":"post-6913","1":"product","2":"type-product","3":"status-publish","4":"has-post-thumbnail","6":"product_cat-ene-kuzhine","8":"first","9":"instock","10":"sale","11":"shipping-taxable","12":"purchasable","13":"product-type-simple"},"_links":{"self":[{"href":"https:\/\/homix-ks.com\/en\/wp-json\/wp\/v2\/product\/6913","targetHints":{"allow":["GET"]}}],"collection":[{"href":"https:\/\/homix-ks.com\/en\/wp-json\/wp\/v2\/product"}],"about":[{"href":"https:\/\/homix-ks.com\/en\/wp-json\/wp\/v2\/types\/product"}],"replies":[{"embeddable":true,"href":"https:\/\/homix-ks.com\/en\/wp-json\/wp\/v2\/comments?post=6913"}],"version-history":[{"count":2,"href":"https:\/\/homix-ks.com\/en\/wp-json\/wp\/v2\/product\/6913\/revisions"}],"predecessor-version":[{"id":7019,"href":"https:\/\/homix-ks.com\/en\/wp-json\/wp\/v2\/product\/6913\/revisions\/7019"}],"wp:featuredmedia":[{"embeddable":true,"href":"https:\/\/homix-ks.com\/en\/wp-json\/wp\/v2\/media\/6922"}],"wp:attachment":[{"href":"https:\/\/homix-ks.com\/en\/wp-json\/wp\/v2\/media?parent=6913"}],"wp:term":[{"taxonomy":"brand","embeddable":true,"href":"https:\/\/homix-ks.com\/en\/wp-json\/wp\/v2\/etheme_brands?post=6913"},{"taxonomy":"product_brand","embeddable":true,"href":"https:\/\/homix-ks.com\/en\/wp-json\/wp\/v2\/product_brand?post=6913"},{"taxonomy":"product_cat","embeddable":true,"href":"https:\/\/homix-ks.com\/en\/wp-json\/wp\/v2\/product_cat?post=6913"},{"taxonomy":"product_tag","embeddable":true,"href":"https:\/\/homix-ks.com\/en\/wp-json\/wp\/v2\/product_tag?post=6913"}],"curies":[{"name":"wp","href":"https:\/\/api.w.org\/{rel}","templated":true}]}}