{"id":6903,"date":"2026-03-27T18:26:08","date_gmt":"2026-03-27T18:26:08","guid":{"rendered":"https:\/\/homix-ks.com\/?post_type=product&#038;p=6903"},"modified":"2026-03-31T14:22:02","modified_gmt":"2026-03-31T14:22:02","slug":"llampa-tavoline-35108","status":"publish","type":"product","link":"https:\/\/homix-ks.com\/en\/product\/llampa-tavoline-35108\/","title":{"rendered":"Llampa tavoline &#8211; 35108"},"content":{"rendered":"<p>Dizajn: Stil modern me baz\u00eb keramike (efekt guri) dhe abazhur liri t\u00eb zi.<\/p>\n<p>\u2022 Ndri\u00e7im: Krijon atmosfer\u00eb t\u00eb ngroht\u00eb dhe relaksuese.<\/p>\n<p>\u2022 Materialet: Keramik\u00eb cil\u00ebsore, p\u00eblhur\u00eb rezistente dhe korniz\u00eb metalike.<\/p>\n<p>\u2022 P\u00ebrdorimi: Ideale p\u00ebr dhom\u00eb gjumi, sallon apo zyr\u00eb.<\/p>\n<p>\u2022 Praktike: Madh\u00ebsi kompakte q\u00eb p\u00ebrshtatet n\u00eb \u00e7do tavolin\u00eb.<\/p>","protected":false},"excerpt":{"rendered":"<p>Dizajn: Stil modern me baz\u00eb keramike (efekt guri) dhe abazhur liri t\u00eb zi. \u2022 Ndri\u00e7im: Krijon atmosfer\u00eb t\u00eb ngroht\u00eb dhe relaksuese. \u2022 Materialet: Keramik\u00eb cil\u00ebsore,&#8230;<\/p>","protected":false},"featured_media":6904,"comment_status":"open","ping_status":"closed","template":"","meta":{"_eb_attr":"","content-type":""},"etheme_brands":[],"product_brand":[],"product_cat":[15],"product_tag":[],"class_list":{"0":"post-6903","1":"product","2":"type-product","3":"status-publish","4":"has-post-thumbnail","6":"product_cat-uncategorized","8":"first","9":"instock","10":"sale","11":"shipping-taxable","12":"purchasable","13":"product-type-simple"},"_links":{"self":[{"href":"https:\/\/homix-ks.com\/en\/wp-json\/wp\/v2\/product\/6903","targetHints":{"allow":["GET"]}}],"collection":[{"href":"https:\/\/homix-ks.com\/en\/wp-json\/wp\/v2\/product"}],"about":[{"href":"https:\/\/homix-ks.com\/en\/wp-json\/wp\/v2\/types\/product"}],"replies":[{"embeddable":true,"href":"https:\/\/homix-ks.com\/en\/wp-json\/wp\/v2\/comments?post=6903"}],"version-history":[{"count":1,"href":"https:\/\/homix-ks.com\/en\/wp-json\/wp\/v2\/product\/6903\/revisions"}],"predecessor-version":[{"id":6905,"href":"https:\/\/homix-ks.com\/en\/wp-json\/wp\/v2\/product\/6903\/revisions\/6905"}],"wp:featuredmedia":[{"embeddable":true,"href":"https:\/\/homix-ks.com\/en\/wp-json\/wp\/v2\/media\/6904"}],"wp:attachment":[{"href":"https:\/\/homix-ks.com\/en\/wp-json\/wp\/v2\/media?parent=6903"}],"wp:term":[{"taxonomy":"brand","embeddable":true,"href":"https:\/\/homix-ks.com\/en\/wp-json\/wp\/v2\/etheme_brands?post=6903"},{"taxonomy":"product_brand","embeddable":true,"href":"https:\/\/homix-ks.com\/en\/wp-json\/wp\/v2\/product_brand?post=6903"},{"taxonomy":"product_cat","embeddable":true,"href":"https:\/\/homix-ks.com\/en\/wp-json\/wp\/v2\/product_cat?post=6903"},{"taxonomy":"product_tag","embeddable":true,"href":"https:\/\/homix-ks.com\/en\/wp-json\/wp\/v2\/product_tag?post=6903"}],"curies":[{"name":"wp","href":"https:\/\/api.w.org\/{rel}","templated":true}]}}