{"id":6899,"date":"2026-03-27T18:11:57","date_gmt":"2026-03-27T18:11:57","guid":{"rendered":"https:\/\/homix-ks.com\/?post_type=product&#038;p=6899"},"modified":"2026-03-30T09:09:47","modified_gmt":"2026-03-30T09:09:47","slug":"piktura-62x82","status":"publish","type":"product","link":"https:\/\/homix-ks.com\/en\/product\/piktura-62x82\/","title":{"rendered":"PIKTURA -62&#215;82"},"content":{"rendered":"<p>Stil Modern: Dizajn abstrakt q\u00eb i jep freski \u00e7do dhome.<\/p>\n<p>\u2022 Ngjyra Elegante: Kombinim i bukur i t\u00eb kaltr\u00ebs me nuanca ari.<\/p>\n<p>\u2022 Detaje Luksoze: Korniz\u00eb elegante q\u00eb spikat n\u00eb mur.<\/p>\n<p>\u2022 Cil\u00ebsi e Lart\u00eb: Printim cil\u00ebsor n\u00eb kanavac\u00eb rezistente.<\/p>\n<p>\u2022 Ideale p\u00ebr Dekor: P\u00ebrshtatet si n\u00eb sht\u00ebpi, ashtu edhe n\u00eb zyr\u00eb.<\/p>","protected":false},"excerpt":{"rendered":"<p>Stil Modern: Dizajn abstrakt q\u00eb i jep freski \u00e7do dhome. \u2022 Ngjyra Elegante: Kombinim i bukur i t\u00eb kaltr\u00ebs me nuanca ari. \u2022 Detaje Luksoze:&#8230;<\/p>","protected":false},"featured_media":6900,"comment_status":"open","ping_status":"closed","template":"","meta":{"_eb_attr":"","content-type":""},"etheme_brands":[],"product_brand":[],"product_cat":[103],"product_tag":[],"class_list":{"0":"post-6899","1":"product","2":"type-product","3":"status-publish","4":"has-post-thumbnail","6":"product_cat-pikture-muri","8":"first","9":"instock","10":"sale","11":"shipping-taxable","12":"purchasable","13":"product-type-simple"},"_links":{"self":[{"href":"https:\/\/homix-ks.com\/en\/wp-json\/wp\/v2\/product\/6899","targetHints":{"allow":["GET"]}}],"collection":[{"href":"https:\/\/homix-ks.com\/en\/wp-json\/wp\/v2\/product"}],"about":[{"href":"https:\/\/homix-ks.com\/en\/wp-json\/wp\/v2\/types\/product"}],"replies":[{"embeddable":true,"href":"https:\/\/homix-ks.com\/en\/wp-json\/wp\/v2\/comments?post=6899"}],"version-history":[{"count":1,"href":"https:\/\/homix-ks.com\/en\/wp-json\/wp\/v2\/product\/6899\/revisions"}],"predecessor-version":[{"id":6901,"href":"https:\/\/homix-ks.com\/en\/wp-json\/wp\/v2\/product\/6899\/revisions\/6901"}],"wp:featuredmedia":[{"embeddable":true,"href":"https:\/\/homix-ks.com\/en\/wp-json\/wp\/v2\/media\/6900"}],"wp:attachment":[{"href":"https:\/\/homix-ks.com\/en\/wp-json\/wp\/v2\/media?parent=6899"}],"wp:term":[{"taxonomy":"brand","embeddable":true,"href":"https:\/\/homix-ks.com\/en\/wp-json\/wp\/v2\/etheme_brands?post=6899"},{"taxonomy":"product_brand","embeddable":true,"href":"https:\/\/homix-ks.com\/en\/wp-json\/wp\/v2\/product_brand?post=6899"},{"taxonomy":"product_cat","embeddable":true,"href":"https:\/\/homix-ks.com\/en\/wp-json\/wp\/v2\/product_cat?post=6899"},{"taxonomy":"product_tag","embeddable":true,"href":"https:\/\/homix-ks.com\/en\/wp-json\/wp\/v2\/product_tag?post=6899"}],"curies":[{"name":"wp","href":"https:\/\/api.w.org\/{rel}","templated":true}]}}