{"id":6892,"date":"2026-03-27T18:03:48","date_gmt":"2026-03-27T18:03:48","guid":{"rendered":"https:\/\/homix-ks.com\/?post_type=product&#038;p=6892"},"modified":"2026-03-30T09:17:03","modified_gmt":"2026-03-30T09:17:03","slug":"set-thika-alm-01","status":"publish","type":"product","link":"https:\/\/homix-ks.com\/en\/product\/set-thika-alm-01\/","title":{"rendered":"SET THIKA -ALM-01"},"content":{"rendered":"<p>Materiali: \u00c7elik inox i fort\u00eb, rezistent ndaj ndryshkut<\/p>\n<p>Dizajni: Doreza moderne n\u00eb ngjyr\u00eb t\u00eb zez\u00eb\/argjendt\u00eb<\/p>\n<p>P\u00ebrfshin: Thika t\u00eb madh\u00ebsive t\u00eb ndryshme, g\u00ebrsh\u00ebr\u00eb kuzhine, shuf\u00ebr mpreh\u00ebse dhe q\u00ebrues perimesh<\/p>\n<p>Mbajt\u00ebse: Stand rrotullues p\u00ebr organizim praktik dhe qasje t\u00eb shpejt\u00eb<\/p>\n<p>Funksionaliteti: I p\u00ebrshtatsh\u00ebm p\u00ebr prerje mishi, perimesh, buke dhe p\u00ebrdorime t\u00eb p\u00ebrditshme<\/p>\n<p>Mir\u00ebmbajtja: Pastrohet leht\u00eb pas p\u00ebrdorimit<\/p>\n<p>Estetik\u00eb: Kombinon funksionalitetin me pamje elegante p\u00ebr kuzhin\u00eb moderne<\/p>","protected":false},"excerpt":{"rendered":"<p>Materiali: \u00c7elik inox i fort\u00eb, rezistent ndaj ndryshkut Dizajni: Doreza moderne n\u00eb ngjyr\u00eb t\u00eb zez\u00eb\/argjendt\u00eb P\u00ebrfshin: Thika t\u00eb madh\u00ebsive t\u00eb ndryshme, g\u00ebrsh\u00ebr\u00eb kuzhine, shuf\u00ebr mpreh\u00ebse&#8230;<\/p>","protected":false},"featured_media":6895,"comment_status":"open","ping_status":"closed","template":"","meta":{"_eb_attr":"","content-type":""},"etheme_brands":[],"product_brand":[],"product_cat":[96,15],"product_tag":[],"class_list":{"0":"post-6892","1":"product","2":"type-product","3":"status-publish","4":"has-post-thumbnail","6":"product_cat-ene-kuzhine","7":"product_cat-uncategorized","9":"first","10":"instock","11":"sale","12":"shipping-taxable","13":"purchasable","14":"product-type-simple"},"_links":{"self":[{"href":"https:\/\/homix-ks.com\/en\/wp-json\/wp\/v2\/product\/6892","targetHints":{"allow":["GET"]}}],"collection":[{"href":"https:\/\/homix-ks.com\/en\/wp-json\/wp\/v2\/product"}],"about":[{"href":"https:\/\/homix-ks.com\/en\/wp-json\/wp\/v2\/types\/product"}],"replies":[{"embeddable":true,"href":"https:\/\/homix-ks.com\/en\/wp-json\/wp\/v2\/comments?post=6892"}],"version-history":[{"count":1,"href":"https:\/\/homix-ks.com\/en\/wp-json\/wp\/v2\/product\/6892\/revisions"}],"predecessor-version":[{"id":6896,"href":"https:\/\/homix-ks.com\/en\/wp-json\/wp\/v2\/product\/6892\/revisions\/6896"}],"wp:featuredmedia":[{"embeddable":true,"href":"https:\/\/homix-ks.com\/en\/wp-json\/wp\/v2\/media\/6895"}],"wp:attachment":[{"href":"https:\/\/homix-ks.com\/en\/wp-json\/wp\/v2\/media?parent=6892"}],"wp:term":[{"taxonomy":"brand","embeddable":true,"href":"https:\/\/homix-ks.com\/en\/wp-json\/wp\/v2\/etheme_brands?post=6892"},{"taxonomy":"product_brand","embeddable":true,"href":"https:\/\/homix-ks.com\/en\/wp-json\/wp\/v2\/product_brand?post=6892"},{"taxonomy":"product_cat","embeddable":true,"href":"https:\/\/homix-ks.com\/en\/wp-json\/wp\/v2\/product_cat?post=6892"},{"taxonomy":"product_tag","embeddable":true,"href":"https:\/\/homix-ks.com\/en\/wp-json\/wp\/v2\/product_tag?post=6892"}],"curies":[{"name":"wp","href":"https:\/\/api.w.org\/{rel}","templated":true}]}}