{"id":6764,"date":"2026-02-24T09:13:49","date_gmt":"2026-02-24T09:13:49","guid":{"rendered":"https:\/\/homix-ks.com\/?post_type=product&#038;p=6764"},"modified":"2026-03-05T12:25:35","modified_gmt":"2026-03-05T12:25:35","slug":"daling-dl-3016","status":"publish","type":"product","link":"https:\/\/homix-ks.com\/en\/product\/daling-dl-3016\/","title":{"rendered":"DALING DL-3016  FEN"},"content":{"rendered":"<p>Marka: Daling<br \/>\nModeli: DL-3016<br \/>\nLloji: FEN PER FLOKE<\/p>\n<p>NGJYRA: HIRI<br \/>\nFunkesioni:THARJE,DREJTIM,SHTIM VOLUMI.<\/p>\n<p>DIZAJN: Doreze e paloshme,duke e bere ideale per udhtime<\/p>\n<p>Materiali i trupit: Plastike ABS<\/p>\n<p>P\u00ebrdorimi:<\/p>\n<p>Jep volum  flokut<\/p>\n<p>Stilim i shpejt\u00eb dhe i sigurt p\u00ebr p\u00ebrdorim ditor<\/p>","protected":false},"excerpt":{"rendered":"<p>Marka: Daling Modeli: DL-3016 Lloji: FEN PER FLOKE NGJYRA: HIRI Funkesioni:THARJE,DREJTIM,SHTIM VOLUMI. DIZAJN: Doreze e paloshme,duke e bere ideale per udhtime Materiali i trupit: Plastike&#8230;<\/p>","protected":false},"featured_media":6765,"comment_status":"open","ping_status":"closed","template":"","meta":{"_eb_attr":"","content-type":""},"etheme_brands":[],"product_brand":[],"product_cat":[15],"product_tag":[],"class_list":{"0":"post-6764","1":"product","2":"type-product","3":"status-publish","4":"has-post-thumbnail","6":"product_cat-uncategorized","8":"first","9":"instock","10":"sale","11":"shipping-taxable","12":"purchasable","13":"product-type-simple"},"_links":{"self":[{"href":"https:\/\/homix-ks.com\/en\/wp-json\/wp\/v2\/product\/6764","targetHints":{"allow":["GET"]}}],"collection":[{"href":"https:\/\/homix-ks.com\/en\/wp-json\/wp\/v2\/product"}],"about":[{"href":"https:\/\/homix-ks.com\/en\/wp-json\/wp\/v2\/types\/product"}],"replies":[{"embeddable":true,"href":"https:\/\/homix-ks.com\/en\/wp-json\/wp\/v2\/comments?post=6764"}],"version-history":[{"count":2,"href":"https:\/\/homix-ks.com\/en\/wp-json\/wp\/v2\/product\/6764\/revisions"}],"predecessor-version":[{"id":6793,"href":"https:\/\/homix-ks.com\/en\/wp-json\/wp\/v2\/product\/6764\/revisions\/6793"}],"wp:featuredmedia":[{"embeddable":true,"href":"https:\/\/homix-ks.com\/en\/wp-json\/wp\/v2\/media\/6765"}],"wp:attachment":[{"href":"https:\/\/homix-ks.com\/en\/wp-json\/wp\/v2\/media?parent=6764"}],"wp:term":[{"taxonomy":"brand","embeddable":true,"href":"https:\/\/homix-ks.com\/en\/wp-json\/wp\/v2\/etheme_brands?post=6764"},{"taxonomy":"product_brand","embeddable":true,"href":"https:\/\/homix-ks.com\/en\/wp-json\/wp\/v2\/product_brand?post=6764"},{"taxonomy":"product_cat","embeddable":true,"href":"https:\/\/homix-ks.com\/en\/wp-json\/wp\/v2\/product_cat?post=6764"},{"taxonomy":"product_tag","embeddable":true,"href":"https:\/\/homix-ks.com\/en\/wp-json\/wp\/v2\/product_tag?post=6764"}],"curies":[{"name":"wp","href":"https:\/\/api.w.org\/{rel}","templated":true}]}}