{"id":6679,"date":"2026-01-17T11:18:58","date_gmt":"2026-01-17T11:18:58","guid":{"rendered":"https:\/\/homix-ks.com\/?post_type=product&#038;p=6679"},"modified":"2026-04-16T14:12:04","modified_gmt":"2026-04-16T14:12:04","slug":"hoffmans-hm-3044-1000w-toaster-grill","status":"publish","type":"product","link":"https:\/\/homix-ks.com\/en\/product\/hoffmans-hm-3044-1000w-toaster-grill\/","title":{"rendered":"Toster &#8211; Grill HOFFMANS &#8211; HM-3044"},"content":{"rendered":"<p>Marka:Hoffmans<br \/>\nModeli: HM-3044<br \/>\nLloji:TOSTER-GRILL<\/p>\n<p>FUUQIA:1000W<\/p>\n<p>PLLAKA:Zakonisht vijne me pllaka qe nuk ngjesin, te lehta ne perodrim dhe pastrim<\/p>\n<p>Dizajni: Nj\u00eb pajisje portative dhe kompakte, e leht\u00eb p\u00ebr t&#8217;u p\u00ebrdorur n\u00eb kuzhin\u00eb.<\/p>\n<p>P\u00ebrdorimi: I p\u00ebrshtatsh\u00ebm si p\u00ebr p\u00ebrdorim sht\u00ebpiak, ashtu edhe si &#8220;grill maker&#8221;.<\/p>","protected":false},"excerpt":{"rendered":"<p>Marka:Hoffmans Modeli: HM-3044 Lloji:TOSTER-GRILL FUUQIA:1000W PLLAKA:Zakonisht vijne me pllaka qe nuk ngjesin, te lehta ne perodrim dhe pastrim Dizajni: Nj\u00eb pajisje portative dhe kompakte, e&#8230;<\/p>","protected":false},"featured_media":6701,"comment_status":"open","ping_status":"closed","template":"","meta":{"_eb_attr":"","content-type":""},"etheme_brands":[],"product_brand":[],"product_cat":[101],"product_tag":[],"class_list":{"0":"post-6679","1":"product","2":"type-product","3":"status-publish","4":"has-post-thumbnail","6":"product_cat-toaster","8":"first","9":"instock","10":"sale","11":"shipping-taxable","12":"purchasable","13":"product-type-simple"},"_links":{"self":[{"href":"https:\/\/homix-ks.com\/en\/wp-json\/wp\/v2\/product\/6679","targetHints":{"allow":["GET"]}}],"collection":[{"href":"https:\/\/homix-ks.com\/en\/wp-json\/wp\/v2\/product"}],"about":[{"href":"https:\/\/homix-ks.com\/en\/wp-json\/wp\/v2\/types\/product"}],"replies":[{"embeddable":true,"href":"https:\/\/homix-ks.com\/en\/wp-json\/wp\/v2\/comments?post=6679"}],"version-history":[{"count":2,"href":"https:\/\/homix-ks.com\/en\/wp-json\/wp\/v2\/product\/6679\/revisions"}],"predecessor-version":[{"id":6740,"href":"https:\/\/homix-ks.com\/en\/wp-json\/wp\/v2\/product\/6679\/revisions\/6740"}],"wp:featuredmedia":[{"embeddable":true,"href":"https:\/\/homix-ks.com\/en\/wp-json\/wp\/v2\/media\/6701"}],"wp:attachment":[{"href":"https:\/\/homix-ks.com\/en\/wp-json\/wp\/v2\/media?parent=6679"}],"wp:term":[{"taxonomy":"brand","embeddable":true,"href":"https:\/\/homix-ks.com\/en\/wp-json\/wp\/v2\/etheme_brands?post=6679"},{"taxonomy":"product_brand","embeddable":true,"href":"https:\/\/homix-ks.com\/en\/wp-json\/wp\/v2\/product_brand?post=6679"},{"taxonomy":"product_cat","embeddable":true,"href":"https:\/\/homix-ks.com\/en\/wp-json\/wp\/v2\/product_cat?post=6679"},{"taxonomy":"product_tag","embeddable":true,"href":"https:\/\/homix-ks.com\/en\/wp-json\/wp\/v2\/product_tag?post=6679"}],"curies":[{"name":"wp","href":"https:\/\/api.w.org\/{rel}","templated":true}]}}