{"id":6670,"date":"2026-01-15T15:38:46","date_gmt":"2026-01-15T15:38:46","guid":{"rendered":"https:\/\/homix-ks.com\/?post_type=product&#038;p=6670"},"modified":"2026-01-15T15:40:25","modified_gmt":"2026-01-15T15:40:25","slug":"dessini-vp8-drejtuese-per-floke","status":"publish","type":"product","link":"https:\/\/homix-ks.com\/en\/product\/dessini-vp8-drejtuese-per-floke\/","title":{"rendered":"DESSINI VP8 DREJTUESE PER FLOKE"},"content":{"rendered":"<p>Marka: Dessini<br \/>\nModeli: DS-VP8<br \/>\nLloji:  Ndrejtuese ,onde flokesh<\/p>\n<p>Funksion ON \/ OFF<\/p>\n<p>P\u00ebrdorimi:<\/p>\n<p>Nxehja: Ngrohet shum\u00eb shpejt (p\u00ebr rreth 15-30 sekonda) fal\u00eb sistemit PTC.<\/p>\n<p>Dizajni: Pllaka &#8220;&#8221;3D floating&#8221;&#8221; q\u00eb rr\u00ebshqasin leht\u00eb pa e k\u00ebputur flokun.<\/p>\n<p>Portabiliteti: E leht\u00eb dhe kompakte, e p\u00ebrshtatshme p\u00ebr udh\u00ebtime&#8221;<\/p>\n<p>Jep volum<\/p>\n<p>Stilim i shpejt\u00eb dhe i sigurt p\u00ebr p\u00ebrdorim ditor,e pershtatshme per udhetime<\/p>","protected":false},"excerpt":{"rendered":"<p>Marka: Dessini Modeli: DS-VP8 Lloji: Ndrejtuese ,onde flokesh Funksion ON \/ OFF P\u00ebrdorimi: Nxehja: Ngrohet shum\u00eb shpejt (p\u00ebr rreth 15-30 sekonda) fal\u00eb sistemit PTC. Dizajni:&#8230;<\/p>","protected":false},"featured_media":6673,"comment_status":"open","ping_status":"closed","template":"","meta":{"_eb_attr":"","content-type":""},"etheme_brands":[],"product_brand":[],"product_cat":[15],"product_tag":[],"class_list":{"0":"post-6670","1":"product","2":"type-product","3":"status-publish","4":"has-post-thumbnail","6":"product_cat-uncategorized","8":"first","9":"instock","10":"sale","11":"shipping-taxable","12":"purchasable","13":"product-type-simple"},"_links":{"self":[{"href":"https:\/\/homix-ks.com\/en\/wp-json\/wp\/v2\/product\/6670","targetHints":{"allow":["GET"]}}],"collection":[{"href":"https:\/\/homix-ks.com\/en\/wp-json\/wp\/v2\/product"}],"about":[{"href":"https:\/\/homix-ks.com\/en\/wp-json\/wp\/v2\/types\/product"}],"replies":[{"embeddable":true,"href":"https:\/\/homix-ks.com\/en\/wp-json\/wp\/v2\/comments?post=6670"}],"version-history":[{"count":1,"href":"https:\/\/homix-ks.com\/en\/wp-json\/wp\/v2\/product\/6670\/revisions"}],"predecessor-version":[{"id":6674,"href":"https:\/\/homix-ks.com\/en\/wp-json\/wp\/v2\/product\/6670\/revisions\/6674"}],"wp:featuredmedia":[{"embeddable":true,"href":"https:\/\/homix-ks.com\/en\/wp-json\/wp\/v2\/media\/6673"}],"wp:attachment":[{"href":"https:\/\/homix-ks.com\/en\/wp-json\/wp\/v2\/media?parent=6670"}],"wp:term":[{"taxonomy":"brand","embeddable":true,"href":"https:\/\/homix-ks.com\/en\/wp-json\/wp\/v2\/etheme_brands?post=6670"},{"taxonomy":"product_brand","embeddable":true,"href":"https:\/\/homix-ks.com\/en\/wp-json\/wp\/v2\/product_brand?post=6670"},{"taxonomy":"product_cat","embeddable":true,"href":"https:\/\/homix-ks.com\/en\/wp-json\/wp\/v2\/product_cat?post=6670"},{"taxonomy":"product_tag","embeddable":true,"href":"https:\/\/homix-ks.com\/en\/wp-json\/wp\/v2\/product_tag?post=6670"}],"curies":[{"name":"wp","href":"https:\/\/api.w.org\/{rel}","templated":true}]}}