{"id":6650,"date":"2026-01-14T16:29:27","date_gmt":"2026-01-14T16:29:27","guid":{"rendered":"https:\/\/homix-ks.com\/?post_type=product&#038;p=6650"},"modified":"2026-03-31T11:28:47","modified_gmt":"2026-03-31T11:28:47","slug":"dessini-vp5a-drejtuese-per-floke-2","status":"publish","type":"product","link":"https:\/\/homix-ks.com\/en\/product\/dessini-vp5a-drejtuese-per-floke-2\/","title":{"rendered":"DESSINI VP5A VALEZUESE  PER FLOKE"},"content":{"rendered":"<p>Marka: Dessini<br \/>\nModeli: VP5A<\/p>\n<p>Lloji: Kaqurela  dhe onde 2ne1<\/p>\n<p>Temperatura maksimale: 210\u00b0C<\/p>\n<p>Drite treguese LED <\/p>\n<p>Element ngroh\u00ebs: 30 sekonda  PTC (ngrohje e shpejt\u00eb dhe e q\u00ebndrueshme)<\/p>\n<p>Materiali i pllak\u00ebs: Qeramike me turmaline per te minimizuar demtimin e flokut<\/p>\n<p>Fur\u00e7\u00eb kund\u00ebr djegies (anti-heat brush teeth)<\/p>\n<p>P\u00ebrdorimi:<\/p>","protected":false},"excerpt":{"rendered":"<p>Marka: Dessini Modeli: VP5A Lloji: Kaqurela dhe onde 2ne1 Temperatura maksimale: 210\u00b0C Drite treguese LED Element ngroh\u00ebs: 30 sekonda PTC (ngrohje e shpejt\u00eb dhe e&#8230;<\/p>","protected":false},"featured_media":6654,"comment_status":"open","ping_status":"closed","template":"","meta":{"_eb_attr":"","content-type":""},"etheme_brands":[],"product_brand":[],"product_cat":[15],"product_tag":[],"class_list":{"0":"post-6650","1":"product","2":"type-product","3":"status-publish","4":"has-post-thumbnail","6":"product_cat-uncategorized","8":"first","9":"instock","10":"sale","11":"shipping-taxable","12":"purchasable","13":"product-type-simple"},"_links":{"self":[{"href":"https:\/\/homix-ks.com\/en\/wp-json\/wp\/v2\/product\/6650","targetHints":{"allow":["GET"]}}],"collection":[{"href":"https:\/\/homix-ks.com\/en\/wp-json\/wp\/v2\/product"}],"about":[{"href":"https:\/\/homix-ks.com\/en\/wp-json\/wp\/v2\/types\/product"}],"replies":[{"embeddable":true,"href":"https:\/\/homix-ks.com\/en\/wp-json\/wp\/v2\/comments?post=6650"}],"version-history":[{"count":2,"href":"https:\/\/homix-ks.com\/en\/wp-json\/wp\/v2\/product\/6650\/revisions"}],"predecessor-version":[{"id":7053,"href":"https:\/\/homix-ks.com\/en\/wp-json\/wp\/v2\/product\/6650\/revisions\/7053"}],"wp:featuredmedia":[{"embeddable":true,"href":"https:\/\/homix-ks.com\/en\/wp-json\/wp\/v2\/media\/6654"}],"wp:attachment":[{"href":"https:\/\/homix-ks.com\/en\/wp-json\/wp\/v2\/media?parent=6650"}],"wp:term":[{"taxonomy":"brand","embeddable":true,"href":"https:\/\/homix-ks.com\/en\/wp-json\/wp\/v2\/etheme_brands?post=6650"},{"taxonomy":"product_brand","embeddable":true,"href":"https:\/\/homix-ks.com\/en\/wp-json\/wp\/v2\/product_brand?post=6650"},{"taxonomy":"product_cat","embeddable":true,"href":"https:\/\/homix-ks.com\/en\/wp-json\/wp\/v2\/product_cat?post=6650"},{"taxonomy":"product_tag","embeddable":true,"href":"https:\/\/homix-ks.com\/en\/wp-json\/wp\/v2\/product_tag?post=6650"}],"curies":[{"name":"wp","href":"https:\/\/api.w.org\/{rel}","templated":true}]}}