{"id":6646,"date":"2026-01-14T15:48:10","date_gmt":"2026-01-14T15:48:10","guid":{"rendered":"https:\/\/homix-ks.com\/?post_type=product&#038;p=6646"},"modified":"2026-01-14T15:48:10","modified_gmt":"2026-01-14T15:48:10","slug":"daling-dl-3025-fen-per-floke","status":"publish","type":"product","link":"https:\/\/homix-ks.com\/en\/product\/daling-dl-3025-fen-per-floke\/","title":{"rendered":"DALING DL-3025 FEN PER FLOKE"},"content":{"rendered":"<p>Marka: Daling<br \/>\nModeli: DL-3025<br \/>\nLloji: FEN PER FLOKE<\/p>\n<p>Funkesioni:THARJE,DREJTIM,SHTIM VOLUMI.<\/p>\n<p>DIZAJNI: Doreze (hadle Dryer)<\/p>\n<p>Materiali: plastike<\/p>\n<p>P\u00ebrdorimi:<\/p>\n<p>Jep volum  flokut<\/p>\n<p>Stilim i shpejt\u00eb dhe i sigurt p\u00ebr p\u00ebrdorim ditor<\/p>","protected":false},"excerpt":{"rendered":"<p>Marka: Daling Modeli: DL-3025 Lloji: FEN PER FLOKE Funkesioni:THARJE,DREJTIM,SHTIM VOLUMI. DIZAJNI: Doreze (hadle Dryer) Materiali: plastike P\u00ebrdorimi: Jep volum flokut Stilim i shpejt\u00eb dhe i&#8230;<\/p>","protected":false},"featured_media":6647,"comment_status":"open","ping_status":"closed","template":"","meta":{"_eb_attr":"","content-type":""},"etheme_brands":[],"product_brand":[],"product_cat":[15],"product_tag":[],"class_list":{"0":"post-6646","1":"product","2":"type-product","3":"status-publish","4":"has-post-thumbnail","6":"product_cat-uncategorized","8":"first","9":"instock","10":"sale","11":"shipping-taxable","12":"purchasable","13":"product-type-simple"},"_links":{"self":[{"href":"https:\/\/homix-ks.com\/en\/wp-json\/wp\/v2\/product\/6646","targetHints":{"allow":["GET"]}}],"collection":[{"href":"https:\/\/homix-ks.com\/en\/wp-json\/wp\/v2\/product"}],"about":[{"href":"https:\/\/homix-ks.com\/en\/wp-json\/wp\/v2\/types\/product"}],"replies":[{"embeddable":true,"href":"https:\/\/homix-ks.com\/en\/wp-json\/wp\/v2\/comments?post=6646"}],"version-history":[{"count":1,"href":"https:\/\/homix-ks.com\/en\/wp-json\/wp\/v2\/product\/6646\/revisions"}],"predecessor-version":[{"id":6648,"href":"https:\/\/homix-ks.com\/en\/wp-json\/wp\/v2\/product\/6646\/revisions\/6648"}],"wp:featuredmedia":[{"embeddable":true,"href":"https:\/\/homix-ks.com\/en\/wp-json\/wp\/v2\/media\/6647"}],"wp:attachment":[{"href":"https:\/\/homix-ks.com\/en\/wp-json\/wp\/v2\/media?parent=6646"}],"wp:term":[{"taxonomy":"brand","embeddable":true,"href":"https:\/\/homix-ks.com\/en\/wp-json\/wp\/v2\/etheme_brands?post=6646"},{"taxonomy":"product_brand","embeddable":true,"href":"https:\/\/homix-ks.com\/en\/wp-json\/wp\/v2\/product_brand?post=6646"},{"taxonomy":"product_cat","embeddable":true,"href":"https:\/\/homix-ks.com\/en\/wp-json\/wp\/v2\/product_cat?post=6646"},{"taxonomy":"product_tag","embeddable":true,"href":"https:\/\/homix-ks.com\/en\/wp-json\/wp\/v2\/product_tag?post=6646"}],"curies":[{"name":"wp","href":"https:\/\/api.w.org\/{rel}","templated":true}]}}