{"id":6642,"date":"2026-01-14T15:35:19","date_gmt":"2026-01-14T15:35:19","guid":{"rendered":"https:\/\/homix-ks.com\/?post_type=product&#038;p=6642"},"modified":"2026-01-14T15:35:20","modified_gmt":"2026-01-14T15:35:20","slug":"daling-dl-3018","status":"publish","type":"product","link":"https:\/\/homix-ks.com\/en\/product\/daling-dl-3018\/","title":{"rendered":"DALING DL-3018"},"content":{"rendered":"<p>Marka: Daling<br \/>\nModeli: DL-3018<br \/>\nLloji: FEN PER FLOKE<\/p>\n<p>Funkesioni:THARJE,DREJTIM,SHTIM VOLUMI.<\/p>\n<p>DIZAJN:I pershtatshem per perdorim,kabllo me gjatesi profesionale.<\/p>\n<p>Materiali: plastik<\/p>\n<p>P\u00ebrdorimi:<\/p>\n<p>Jep volum  flokut<\/p>\n<p>Stilim i shpejt\u00eb dhe i sigurt p\u00ebr p\u00ebrdorim ditor<\/p>","protected":false},"excerpt":{"rendered":"<p>Marka: Daling Modeli: DL-3018 Lloji: FEN PER FLOKE Funkesioni:THARJE,DREJTIM,SHTIM VOLUMI. DIZAJN:I pershtatshem per perdorim,kabllo me gjatesi profesionale. Materiali: plastik P\u00ebrdorimi: Jep volum flokut Stilim i&#8230;<\/p>","protected":false},"featured_media":6643,"comment_status":"open","ping_status":"closed","template":"","meta":{"_eb_attr":"","content-type":""},"etheme_brands":[],"product_brand":[],"product_cat":[15],"product_tag":[],"class_list":{"0":"post-6642","1":"product","2":"type-product","3":"status-publish","4":"has-post-thumbnail","6":"product_cat-uncategorized","8":"first","9":"instock","10":"sale","11":"shipping-taxable","12":"purchasable","13":"product-type-simple"},"_links":{"self":[{"href":"https:\/\/homix-ks.com\/en\/wp-json\/wp\/v2\/product\/6642","targetHints":{"allow":["GET"]}}],"collection":[{"href":"https:\/\/homix-ks.com\/en\/wp-json\/wp\/v2\/product"}],"about":[{"href":"https:\/\/homix-ks.com\/en\/wp-json\/wp\/v2\/types\/product"}],"replies":[{"embeddable":true,"href":"https:\/\/homix-ks.com\/en\/wp-json\/wp\/v2\/comments?post=6642"}],"version-history":[{"count":1,"href":"https:\/\/homix-ks.com\/en\/wp-json\/wp\/v2\/product\/6642\/revisions"}],"predecessor-version":[{"id":6644,"href":"https:\/\/homix-ks.com\/en\/wp-json\/wp\/v2\/product\/6642\/revisions\/6644"}],"wp:featuredmedia":[{"embeddable":true,"href":"https:\/\/homix-ks.com\/en\/wp-json\/wp\/v2\/media\/6643"}],"wp:attachment":[{"href":"https:\/\/homix-ks.com\/en\/wp-json\/wp\/v2\/media?parent=6642"}],"wp:term":[{"taxonomy":"brand","embeddable":true,"href":"https:\/\/homix-ks.com\/en\/wp-json\/wp\/v2\/etheme_brands?post=6642"},{"taxonomy":"product_brand","embeddable":true,"href":"https:\/\/homix-ks.com\/en\/wp-json\/wp\/v2\/product_brand?post=6642"},{"taxonomy":"product_cat","embeddable":true,"href":"https:\/\/homix-ks.com\/en\/wp-json\/wp\/v2\/product_cat?post=6642"},{"taxonomy":"product_tag","embeddable":true,"href":"https:\/\/homix-ks.com\/en\/wp-json\/wp\/v2\/product_tag?post=6642"}],"curies":[{"name":"wp","href":"https:\/\/api.w.org\/{rel}","templated":true}]}}