{"id":6633,"date":"2026-01-13T12:39:48","date_gmt":"2026-01-13T12:39:48","guid":{"rendered":"https:\/\/homix-ks.com\/?post_type=product&#038;p=6633"},"modified":"2026-01-13T12:39:48","modified_gmt":"2026-01-13T12:39:48","slug":"daling-dl-1846-makine-qethje-6n1","status":"publish","type":"product","link":"https:\/\/homix-ks.com\/en\/product\/daling-dl-1846-makine-qethje-6n1\/","title":{"rendered":"DALING DL-1846 MAKINE  QETHJE  6n1"},"content":{"rendered":"<p>Marka: Daling<br \/>\nModeli: DL-1846<br \/>\nLloji: MAKINE QETHJE 6n1<\/p>\n<p>Funkesioni:<\/p>\n<p>DIZAJN: Doreze e paloshme,duke e bere ideale per udhtime<\/p>\n<p>Materiali i trupit: Plastike ABS<\/p>\n<p>P\u00ebrdorimi:<\/p>\n<p>Jep volum  flokut<\/p>\n<p>Stilim i shpejt\u00eb dhe i sigurt p\u00ebr p\u00ebrdorim ditor<\/p>","protected":false},"excerpt":{"rendered":"<p>Marka: Daling Modeli: DL-1846 Lloji: MAKINE QETHJE 6n1 Funkesioni: DIZAJN: Doreze e paloshme,duke e bere ideale per udhtime Materiali i trupit: Plastike ABS P\u00ebrdorimi: Jep&#8230;<\/p>","protected":false},"featured_media":6634,"comment_status":"open","ping_status":"closed","template":"","meta":{"_eb_attr":"","content-type":""},"etheme_brands":[],"product_brand":[],"product_cat":[15],"product_tag":[],"class_list":{"0":"post-6633","1":"product","2":"type-product","3":"status-publish","4":"has-post-thumbnail","6":"product_cat-uncategorized","8":"first","9":"instock","10":"sale","11":"shipping-taxable","12":"purchasable","13":"product-type-simple"},"_links":{"self":[{"href":"https:\/\/homix-ks.com\/en\/wp-json\/wp\/v2\/product\/6633","targetHints":{"allow":["GET"]}}],"collection":[{"href":"https:\/\/homix-ks.com\/en\/wp-json\/wp\/v2\/product"}],"about":[{"href":"https:\/\/homix-ks.com\/en\/wp-json\/wp\/v2\/types\/product"}],"replies":[{"embeddable":true,"href":"https:\/\/homix-ks.com\/en\/wp-json\/wp\/v2\/comments?post=6633"}],"version-history":[{"count":1,"href":"https:\/\/homix-ks.com\/en\/wp-json\/wp\/v2\/product\/6633\/revisions"}],"predecessor-version":[{"id":6635,"href":"https:\/\/homix-ks.com\/en\/wp-json\/wp\/v2\/product\/6633\/revisions\/6635"}],"wp:featuredmedia":[{"embeddable":true,"href":"https:\/\/homix-ks.com\/en\/wp-json\/wp\/v2\/media\/6634"}],"wp:attachment":[{"href":"https:\/\/homix-ks.com\/en\/wp-json\/wp\/v2\/media?parent=6633"}],"wp:term":[{"taxonomy":"brand","embeddable":true,"href":"https:\/\/homix-ks.com\/en\/wp-json\/wp\/v2\/etheme_brands?post=6633"},{"taxonomy":"product_brand","embeddable":true,"href":"https:\/\/homix-ks.com\/en\/wp-json\/wp\/v2\/product_brand?post=6633"},{"taxonomy":"product_cat","embeddable":true,"href":"https:\/\/homix-ks.com\/en\/wp-json\/wp\/v2\/product_cat?post=6633"},{"taxonomy":"product_tag","embeddable":true,"href":"https:\/\/homix-ks.com\/en\/wp-json\/wp\/v2\/product_tag?post=6633"}],"curies":[{"name":"wp","href":"https:\/\/api.w.org\/{rel}","templated":true}]}}