{"id":6623,"date":"2026-01-13T11:49:59","date_gmt":"2026-01-13T11:49:59","guid":{"rendered":"https:\/\/homix-ks.com\/?post_type=product&#038;p=6623"},"modified":"2026-01-13T14:29:21","modified_gmt":"2026-01-13T14:29:21","slug":"daling-dl-3016-fen-per-floke","status":"publish","type":"product","link":"https:\/\/homix-ks.com\/en\/product\/daling-dl-3016-fen-per-floke\/","title":{"rendered":"DALING DL-3016 FEN PER FLOKE"},"content":{"rendered":"<p>Marka: Daling<br \/>\nModeli: DL-3016<br \/>\nLloji: FEN PER FLOKE<\/p>\n<p>Funkesioni:THARJE,DREJTIM,SHTIM VOLUMI.<\/p>\n<p>DIZAJN: Doreze e paloshme,duke e bere ideale per udhtime<\/p>\n<p>Materiali i trupit: Plastike ABS<\/p>\n<p>P\u00ebrdorimi:<\/p>\n<p>Jep volum  flokut<\/p>\n<p>Stilim i shpejt\u00eb dhe i sigurt p\u00ebr p\u00ebrdorim ditor<\/p>","protected":false},"excerpt":{"rendered":"<p>Marka: Daling Modeli: DL-3016 Lloji: FEN PER FLOKE Funkesioni:THARJE,DREJTIM,SHTIM VOLUMI. DIZAJN: Doreze e paloshme,duke e bere ideale per udhtime Materiali i trupit: Plastike ABS P\u00ebrdorimi:&#8230;<\/p>","protected":false},"featured_media":6624,"comment_status":"open","ping_status":"closed","template":"","meta":{"_eb_attr":"","content-type":""},"etheme_brands":[],"product_brand":[],"product_cat":[15],"product_tag":[],"class_list":{"0":"post-6623","1":"product","2":"type-product","3":"status-publish","4":"has-post-thumbnail","6":"product_cat-uncategorized","8":"first","9":"instock","10":"sale","11":"shipping-taxable","12":"purchasable","13":"product-type-simple"},"_links":{"self":[{"href":"https:\/\/homix-ks.com\/en\/wp-json\/wp\/v2\/product\/6623","targetHints":{"allow":["GET"]}}],"collection":[{"href":"https:\/\/homix-ks.com\/en\/wp-json\/wp\/v2\/product"}],"about":[{"href":"https:\/\/homix-ks.com\/en\/wp-json\/wp\/v2\/types\/product"}],"replies":[{"embeddable":true,"href":"https:\/\/homix-ks.com\/en\/wp-json\/wp\/v2\/comments?post=6623"}],"version-history":[{"count":1,"href":"https:\/\/homix-ks.com\/en\/wp-json\/wp\/v2\/product\/6623\/revisions"}],"predecessor-version":[{"id":6627,"href":"https:\/\/homix-ks.com\/en\/wp-json\/wp\/v2\/product\/6623\/revisions\/6627"}],"wp:featuredmedia":[{"embeddable":true,"href":"https:\/\/homix-ks.com\/en\/wp-json\/wp\/v2\/media\/6624"}],"wp:attachment":[{"href":"https:\/\/homix-ks.com\/en\/wp-json\/wp\/v2\/media?parent=6623"}],"wp:term":[{"taxonomy":"brand","embeddable":true,"href":"https:\/\/homix-ks.com\/en\/wp-json\/wp\/v2\/etheme_brands?post=6623"},{"taxonomy":"product_brand","embeddable":true,"href":"https:\/\/homix-ks.com\/en\/wp-json\/wp\/v2\/product_brand?post=6623"},{"taxonomy":"product_cat","embeddable":true,"href":"https:\/\/homix-ks.com\/en\/wp-json\/wp\/v2\/product_cat?post=6623"},{"taxonomy":"product_tag","embeddable":true,"href":"https:\/\/homix-ks.com\/en\/wp-json\/wp\/v2\/product_tag?post=6623"}],"curies":[{"name":"wp","href":"https:\/\/api.w.org\/{rel}","templated":true}]}}