{"id":6617,"date":"2026-01-13T11:38:41","date_gmt":"2026-01-13T11:38:41","guid":{"rendered":"https:\/\/homix-ks.com\/?post_type=product&#038;p=6617"},"modified":"2026-01-13T11:38:41","modified_gmt":"2026-01-13T11:38:41","slug":"daling-dl-3027-set-3n1-per-floke","status":"publish","type":"product","link":"https:\/\/homix-ks.com\/en\/product\/daling-dl-3027-set-3n1-per-floke\/","title":{"rendered":"DALING DL-3027 SET 3n1 PER FLOKE"},"content":{"rendered":"<p>Marka: Daling<br \/>\nModeli: DL-3027<br \/>\nLloji: FEN 3N 1<\/p>\n<p>Funkesioni: 3n1: THARJE,DREJTIM,SHTIM VOLUMI.<\/p>\n<p>Kontroll intelegjent i nxehtesis<\/p>\n<p>Materiali i pllak\u00ebs: Me veshjee qeramike per shperndarje te barabarte te nxehtesise.<\/p>\n<p>Aksesoret: Perfshine tre koka shtese te kembyeshme per stilime te ndryshme<\/p>\n<p>P\u00ebrdorimi:<\/p>\n<p>Drejton flok\u00ebt<\/p>\n<p>Jep volum<\/p>\n<p>Stilim i shpejt\u00eb dhe i sigurt p\u00ebr p\u00ebrdorim ditor<\/p>","protected":false},"excerpt":{"rendered":"<p>Marka: Daling Modeli: DL-3027 Lloji: FEN 3N 1 Funkesioni: 3n1: THARJE,DREJTIM,SHTIM VOLUMI. Kontroll intelegjent i nxehtesis Materiali i pllak\u00ebs: Me veshjee qeramike per shperndarje te&#8230;<\/p>","protected":false},"featured_media":6620,"comment_status":"open","ping_status":"closed","template":"","meta":{"_eb_attr":"","content-type":""},"etheme_brands":[],"product_brand":[],"product_cat":[15],"product_tag":[],"class_list":{"0":"post-6617","1":"product","2":"type-product","3":"status-publish","4":"has-post-thumbnail","6":"product_cat-uncategorized","8":"first","9":"instock","10":"sale","11":"shipping-taxable","12":"purchasable","13":"product-type-simple"},"_links":{"self":[{"href":"https:\/\/homix-ks.com\/en\/wp-json\/wp\/v2\/product\/6617","targetHints":{"allow":["GET"]}}],"collection":[{"href":"https:\/\/homix-ks.com\/en\/wp-json\/wp\/v2\/product"}],"about":[{"href":"https:\/\/homix-ks.com\/en\/wp-json\/wp\/v2\/types\/product"}],"replies":[{"embeddable":true,"href":"https:\/\/homix-ks.com\/en\/wp-json\/wp\/v2\/comments?post=6617"}],"version-history":[{"count":2,"href":"https:\/\/homix-ks.com\/en\/wp-json\/wp\/v2\/product\/6617\/revisions"}],"predecessor-version":[{"id":6622,"href":"https:\/\/homix-ks.com\/en\/wp-json\/wp\/v2\/product\/6617\/revisions\/6622"}],"wp:featuredmedia":[{"embeddable":true,"href":"https:\/\/homix-ks.com\/en\/wp-json\/wp\/v2\/media\/6620"}],"wp:attachment":[{"href":"https:\/\/homix-ks.com\/en\/wp-json\/wp\/v2\/media?parent=6617"}],"wp:term":[{"taxonomy":"brand","embeddable":true,"href":"https:\/\/homix-ks.com\/en\/wp-json\/wp\/v2\/etheme_brands?post=6617"},{"taxonomy":"product_brand","embeddable":true,"href":"https:\/\/homix-ks.com\/en\/wp-json\/wp\/v2\/product_brand?post=6617"},{"taxonomy":"product_cat","embeddable":true,"href":"https:\/\/homix-ks.com\/en\/wp-json\/wp\/v2\/product_cat?post=6617"},{"taxonomy":"product_tag","embeddable":true,"href":"https:\/\/homix-ks.com\/en\/wp-json\/wp\/v2\/product_tag?post=6617"}],"curies":[{"name":"wp","href":"https:\/\/api.w.org\/{rel}","templated":true}]}}