{"id":6609,"date":"2026-01-12T13:27:54","date_gmt":"2026-01-12T13:27:54","guid":{"rendered":"https:\/\/homix-ks.com\/?post_type=product&#038;p=6609"},"modified":"2026-01-12T13:28:09","modified_gmt":"2026-01-12T13:28:09","slug":"dessini-ds-5583","status":"publish","type":"product","link":"https:\/\/homix-ks.com\/en\/product\/dessini-ds-5583\/","title":{"rendered":"DESSINI DS-5583"},"content":{"rendered":"<p>Marka: Dessini<br \/>\nModeli: DS-5583<br \/>\nLloji: FEN<br \/>\nFunksion ON \/ OFF<\/p>\n<p>Temperatura Konstante<\/p>\n<p>Aksesoret:vjen me nje koke shume te holle per stilim preciz.<\/p>\n<p>Dizajni: Pamje elegante , me nje celik praktik per varje dhe ruajtje te lehte <\/p>\n<p>P\u00ebrdorimi:<\/p>\n<p>Drejton flok\u00ebt<\/p>\n<p>Jep volum<\/p>\n<p>Stilim i shpejt\u00eb dhe i sigurt p\u00ebr p\u00ebrdorim ditor<\/p>","protected":false},"excerpt":{"rendered":"<p>Marka: Dessini Modeli: DS-5583 Lloji: FEN Funksion ON \/ OFF Temperatura Konstante Aksesoret:vjen me nje koke shume te holle per stilim preciz. Dizajni: Pamje elegante&#8230;<\/p>","protected":false},"featured_media":6610,"comment_status":"open","ping_status":"closed","template":"","meta":{"_eb_attr":"","content-type":""},"etheme_brands":[],"product_brand":[],"product_cat":[15],"product_tag":[],"class_list":{"0":"post-6609","1":"product","2":"type-product","3":"status-publish","4":"has-post-thumbnail","6":"product_cat-uncategorized","8":"first","9":"instock","10":"sale","11":"shipping-taxable","12":"purchasable","13":"product-type-simple"},"_links":{"self":[{"href":"https:\/\/homix-ks.com\/en\/wp-json\/wp\/v2\/product\/6609","targetHints":{"allow":["GET"]}}],"collection":[{"href":"https:\/\/homix-ks.com\/en\/wp-json\/wp\/v2\/product"}],"about":[{"href":"https:\/\/homix-ks.com\/en\/wp-json\/wp\/v2\/types\/product"}],"replies":[{"embeddable":true,"href":"https:\/\/homix-ks.com\/en\/wp-json\/wp\/v2\/comments?post=6609"}],"version-history":[{"count":1,"href":"https:\/\/homix-ks.com\/en\/wp-json\/wp\/v2\/product\/6609\/revisions"}],"predecessor-version":[{"id":6611,"href":"https:\/\/homix-ks.com\/en\/wp-json\/wp\/v2\/product\/6609\/revisions\/6611"}],"wp:featuredmedia":[{"embeddable":true,"href":"https:\/\/homix-ks.com\/en\/wp-json\/wp\/v2\/media\/6610"}],"wp:attachment":[{"href":"https:\/\/homix-ks.com\/en\/wp-json\/wp\/v2\/media?parent=6609"}],"wp:term":[{"taxonomy":"brand","embeddable":true,"href":"https:\/\/homix-ks.com\/en\/wp-json\/wp\/v2\/etheme_brands?post=6609"},{"taxonomy":"product_brand","embeddable":true,"href":"https:\/\/homix-ks.com\/en\/wp-json\/wp\/v2\/product_brand?post=6609"},{"taxonomy":"product_cat","embeddable":true,"href":"https:\/\/homix-ks.com\/en\/wp-json\/wp\/v2\/product_cat?post=6609"},{"taxonomy":"product_tag","embeddable":true,"href":"https:\/\/homix-ks.com\/en\/wp-json\/wp\/v2\/product_tag?post=6609"}],"curies":[{"name":"wp","href":"https:\/\/api.w.org\/{rel}","templated":true}]}}