{"id":6606,"date":"2026-01-12T13:12:12","date_gmt":"2026-01-12T13:12:12","guid":{"rendered":"https:\/\/homix-ks.com\/?post_type=product&#038;p=6606"},"modified":"2026-01-15T15:35:06","modified_gmt":"2026-01-15T15:35:06","slug":"dessini-vvp3a-drejtuese-per-floke-me-rimbushje","status":"publish","type":"product","link":"https:\/\/homix-ks.com\/en\/product\/dessini-vvp3a-drejtuese-per-floke-me-rimbushje\/","title":{"rendered":"DESSINI VP3A DREJTUESE PER FLOKE ME RIMBUSHJE"},"content":{"rendered":"<p>Marka: Dessini<br \/>\nModeli: DS-vp3a<br \/>\nLloji:  Ndrejtuese ,onde flokesh<\/p>\n<p>Funksion ON \/ OFF<\/p>\n<p>Fuqia: 23W<\/p>\n<p>Materiali i pllak\u00ebs: Alumin i gjat\u00eb me veshje qeramike<\/p>\n<p>P\u00ebrdorimi:<\/p>\n<p>Drejton flok\u00ebt<\/p>\n<p>Jep volum<\/p>\n<p>Stilim i shpejt\u00eb dhe i sigurt p\u00ebr p\u00ebrdorim ditor,e pershtatshme per udhetime<\/p>","protected":false},"excerpt":{"rendered":"<p>Marka: Dessini Modeli: DS-vp3a Lloji: Ndrejtuese ,onde flokesh Funksion ON \/ OFF Fuqia: 23W Materiali i pllak\u00ebs: Alumin i gjat\u00eb me veshje qeramike P\u00ebrdorimi: Drejton&#8230;<\/p>","protected":false},"featured_media":6607,"comment_status":"open","ping_status":"closed","template":"","meta":{"_eb_attr":"","content-type":""},"etheme_brands":[],"product_brand":[],"product_cat":[15],"product_tag":[],"class_list":{"0":"post-6606","1":"product","2":"type-product","3":"status-publish","4":"has-post-thumbnail","6":"product_cat-uncategorized","8":"first","9":"instock","10":"sale","11":"shipping-taxable","12":"purchasable","13":"product-type-simple"},"_links":{"self":[{"href":"https:\/\/homix-ks.com\/en\/wp-json\/wp\/v2\/product\/6606","targetHints":{"allow":["GET"]}}],"collection":[{"href":"https:\/\/homix-ks.com\/en\/wp-json\/wp\/v2\/product"}],"about":[{"href":"https:\/\/homix-ks.com\/en\/wp-json\/wp\/v2\/types\/product"}],"replies":[{"embeddable":true,"href":"https:\/\/homix-ks.com\/en\/wp-json\/wp\/v2\/comments?post=6606"}],"version-history":[{"count":2,"href":"https:\/\/homix-ks.com\/en\/wp-json\/wp\/v2\/product\/6606\/revisions"}],"predecessor-version":[{"id":6671,"href":"https:\/\/homix-ks.com\/en\/wp-json\/wp\/v2\/product\/6606\/revisions\/6671"}],"wp:featuredmedia":[{"embeddable":true,"href":"https:\/\/homix-ks.com\/en\/wp-json\/wp\/v2\/media\/6607"}],"wp:attachment":[{"href":"https:\/\/homix-ks.com\/en\/wp-json\/wp\/v2\/media?parent=6606"}],"wp:term":[{"taxonomy":"brand","embeddable":true,"href":"https:\/\/homix-ks.com\/en\/wp-json\/wp\/v2\/etheme_brands?post=6606"},{"taxonomy":"product_brand","embeddable":true,"href":"https:\/\/homix-ks.com\/en\/wp-json\/wp\/v2\/product_brand?post=6606"},{"taxonomy":"product_cat","embeddable":true,"href":"https:\/\/homix-ks.com\/en\/wp-json\/wp\/v2\/product_cat?post=6606"},{"taxonomy":"product_tag","embeddable":true,"href":"https:\/\/homix-ks.com\/en\/wp-json\/wp\/v2\/product_tag?post=6606"}],"curies":[{"name":"wp","href":"https:\/\/api.w.org\/{rel}","templated":true}]}}