{"id":6587,"date":"2026-01-12T12:30:14","date_gmt":"2026-01-12T12:30:14","guid":{"rendered":"https:\/\/homix-ks.com\/?post_type=product&#038;p=6587"},"modified":"2026-01-12T12:32:03","modified_gmt":"2026-01-12T12:32:03","slug":"drejtuese-per-floke-dessini-zfs-3","status":"publish","type":"product","link":"https:\/\/homix-ks.com\/en\/product\/drejtuese-per-floke-dessini-zfs-3\/","title":{"rendered":"DREJTUESE PER FLOKE DESSINI ZFS-3"},"content":{"rendered":"<p>Marka: Dessini<br \/>\nModeli: ZFS-3<br \/>\nLloji: Ndrejtuese elektrike p\u00ebr stilimin e flok\u00ebve (Hair Brush)<br \/>\nFunksion ON \/ OFF<\/p>\n<p>Temperatura maksimale<\/p>\n<p>Element ngroh\u00ebs: PTC (ngrohje e shpejt\u00eb dhe e q\u00ebndrueshme)<\/p>\n<p>Materiali i pllak\u00ebs: Alumin i gjat\u00eb me veshje qeramike<\/p>\n<p>Fur\u00e7\u00eb kund\u00ebr djegies (anti-heat brush teeth)<\/p>\n<p>P\u00ebrdorimi:<\/p>\n<p>Drejton flok\u00ebt<\/p>\n<p>Jep volum<\/p>\n<p>Stilim i shpejt\u00eb dhe i sigurt p\u00ebr p\u00ebrdorim ditor<\/p>","protected":false},"excerpt":{"rendered":"<p>Marka: Dessini Modeli: ZFS-3 Lloji: Ndrejtuese elektrike p\u00ebr stilimin e flok\u00ebve (Hair Brush) Funksion ON \/ OFF Temperatura maksimale Element ngroh\u00ebs: PTC (ngrohje e shpejt\u00eb&#8230;<\/p>","protected":false},"featured_media":6589,"comment_status":"open","ping_status":"closed","template":"","meta":{"_eb_attr":"","content-type":""},"etheme_brands":[],"product_brand":[],"product_cat":[15],"product_tag":[],"class_list":{"0":"post-6587","1":"product","2":"type-product","3":"status-publish","4":"has-post-thumbnail","6":"product_cat-uncategorized","8":"first","9":"instock","10":"sale","11":"shipping-taxable","12":"purchasable","13":"product-type-simple"},"_links":{"self":[{"href":"https:\/\/homix-ks.com\/en\/wp-json\/wp\/v2\/product\/6587","targetHints":{"allow":["GET"]}}],"collection":[{"href":"https:\/\/homix-ks.com\/en\/wp-json\/wp\/v2\/product"}],"about":[{"href":"https:\/\/homix-ks.com\/en\/wp-json\/wp\/v2\/types\/product"}],"replies":[{"embeddable":true,"href":"https:\/\/homix-ks.com\/en\/wp-json\/wp\/v2\/comments?post=6587"}],"version-history":[{"count":1,"href":"https:\/\/homix-ks.com\/en\/wp-json\/wp\/v2\/product\/6587\/revisions"}],"predecessor-version":[{"id":6591,"href":"https:\/\/homix-ks.com\/en\/wp-json\/wp\/v2\/product\/6587\/revisions\/6591"}],"wp:featuredmedia":[{"embeddable":true,"href":"https:\/\/homix-ks.com\/en\/wp-json\/wp\/v2\/media\/6589"}],"wp:attachment":[{"href":"https:\/\/homix-ks.com\/en\/wp-json\/wp\/v2\/media?parent=6587"}],"wp:term":[{"taxonomy":"brand","embeddable":true,"href":"https:\/\/homix-ks.com\/en\/wp-json\/wp\/v2\/etheme_brands?post=6587"},{"taxonomy":"product_brand","embeddable":true,"href":"https:\/\/homix-ks.com\/en\/wp-json\/wp\/v2\/product_brand?post=6587"},{"taxonomy":"product_cat","embeddable":true,"href":"https:\/\/homix-ks.com\/en\/wp-json\/wp\/v2\/product_cat?post=6587"},{"taxonomy":"product_tag","embeddable":true,"href":"https:\/\/homix-ks.com\/en\/wp-json\/wp\/v2\/product_tag?post=6587"}],"curies":[{"name":"wp","href":"https:\/\/api.w.org\/{rel}","templated":true}]}}