{"id":6579,"date":"2026-01-09T09:43:22","date_gmt":"2026-01-09T09:43:22","guid":{"rendered":"https:\/\/homix-ks.com\/?post_type=product&#038;p=6579"},"modified":"2026-04-23T17:14:02","modified_gmt":"2026-04-23T17:14:02","slug":"figaro-per-floke-dessini-zfs-2","status":"publish","type":"product","link":"https:\/\/homix-ks.com\/en\/product\/figaro-per-floke-dessini-zfs-2\/","title":{"rendered":"FIGARO PER FLOKE &#8211; DESSINI ZFS-2"},"content":{"rendered":"<p>Marka: Dessini<br \/>\nModeli: ZFS-2<br \/>\nLloji: Figsro elektrike p\u00ebr stilimin e flok\u00ebve (Hair Brush)<br \/>\nFunksion ON \/ OFF<\/p>\n<p>Temperatura maksimale: 200\u00b0C<\/p>\n<p>Element ngroh\u00ebs: PTC (ngrohje e shpejt\u00eb dhe e q\u00ebndrueshme)<\/p>\n<p>Materiali i pllak\u00ebs: Alumin i gjat\u00eb me veshje qeramike<\/p>\n<p>Fur\u00e7\u00eb kund\u00ebr djegies (anti-heat brush teeth)<\/p>\n<p>P\u00ebrdorimi:<\/p>\n<p>Drejton flok\u00ebt<\/p>\n<p>Jep volum<\/p>\n<p>Stilim i shpejt\u00eb dhe i sigurt p\u00ebr p\u00ebrdorim ditor<\/p>","protected":false},"excerpt":{"rendered":"<p>x<\/p>","protected":false},"featured_media":6580,"comment_status":"open","ping_status":"closed","template":"","meta":{"_eb_attr":"","content-type":""},"etheme_brands":[],"product_brand":[],"product_cat":[99,100],"product_tag":[],"class_list":{"0":"post-6579","1":"product","2":"type-product","3":"status-publish","4":"has-post-thumbnail","6":"product_cat-kujdesi-personal","7":"product_cat-produkte-per-kujdesin-e-flokeve","9":"first","10":"instock","11":"sale","12":"shipping-taxable","13":"purchasable","14":"product-type-simple"},"_links":{"self":[{"href":"https:\/\/homix-ks.com\/en\/wp-json\/wp\/v2\/product\/6579","targetHints":{"allow":["GET"]}}],"collection":[{"href":"https:\/\/homix-ks.com\/en\/wp-json\/wp\/v2\/product"}],"about":[{"href":"https:\/\/homix-ks.com\/en\/wp-json\/wp\/v2\/types\/product"}],"replies":[{"embeddable":true,"href":"https:\/\/homix-ks.com\/en\/wp-json\/wp\/v2\/comments?post=6579"}],"version-history":[{"count":2,"href":"https:\/\/homix-ks.com\/en\/wp-json\/wp\/v2\/product\/6579\/revisions"}],"predecessor-version":[{"id":6583,"href":"https:\/\/homix-ks.com\/en\/wp-json\/wp\/v2\/product\/6579\/revisions\/6583"}],"wp:featuredmedia":[{"embeddable":true,"href":"https:\/\/homix-ks.com\/en\/wp-json\/wp\/v2\/media\/6580"}],"wp:attachment":[{"href":"https:\/\/homix-ks.com\/en\/wp-json\/wp\/v2\/media?parent=6579"}],"wp:term":[{"taxonomy":"brand","embeddable":true,"href":"https:\/\/homix-ks.com\/en\/wp-json\/wp\/v2\/etheme_brands?post=6579"},{"taxonomy":"product_brand","embeddable":true,"href":"https:\/\/homix-ks.com\/en\/wp-json\/wp\/v2\/product_brand?post=6579"},{"taxonomy":"product_cat","embeddable":true,"href":"https:\/\/homix-ks.com\/en\/wp-json\/wp\/v2\/product_cat?post=6579"},{"taxonomy":"product_tag","embeddable":true,"href":"https:\/\/homix-ks.com\/en\/wp-json\/wp\/v2\/product_tag?post=6579"}],"curies":[{"name":"wp","href":"https:\/\/api.w.org\/{rel}","templated":true}]}}