{"id":6575,"date":"2026-01-07T19:17:25","date_gmt":"2026-01-07T19:17:25","guid":{"rendered":"https:\/\/homix-ks.com\/?post_type=product&#038;p=6575"},"modified":"2026-03-17T08:59:48","modified_gmt":"2026-03-17T08:59:48","slug":"ptc-ngrohese-elektrike-nsb-2500-kopje","status":"publish","type":"product","link":"https:\/\/homix-ks.com\/en\/product\/ptc-ngrohese-elektrike-nsb-2500-kopje\/","title":{"rendered":"PTC Ngrohese Elektrike &#8211; NSB-3000"},"content":{"rendered":"<p>Modeli: NSB-2500<\/p>\n<p>Fuqia: 3000W<\/p>\n<p>Modalitetet: Ftoht\u00eb \/ Ngroht\u00eb \/ Shum\u00eb Ngroht\u00eb<\/p>\n<p>Termostat: I rregulluesh\u00ebm<\/p>\n<p>Kontroll temperature: Selektor i rregulluesh\u00ebm i ajrit<\/p>\n<p>Mbrojtje nga mbinxehja: Po<\/p>\n<p>Siguri: Sigures\u00eb termike e integruar<\/p>\n<p>Drit\u00eb treguese e funksionimit: Po<\/p>\n<p>Dorez\u00eb mbajt\u00ebse: Po<\/p>","protected":false},"excerpt":{"rendered":"<p>Modeli: NSB-2500 Fuqia: 3000W Modalitetet: Ftoht\u00eb \/ Ngroht\u00eb \/ Shum\u00eb Ngroht\u00eb Termostat: I rregulluesh\u00ebm Kontroll temperature: Selektor i rregulluesh\u00ebm i ajrit Mbrojtje nga mbinxehja: Po&#8230;<\/p>","protected":false},"featured_media":6556,"comment_status":"open","ping_status":"closed","template":"","meta":{"_eb_attr":"","content-type":""},"etheme_brands":[],"product_brand":[],"product_cat":[98],"product_tag":[],"class_list":{"0":"post-6575","1":"product","2":"type-product","3":"status-publish","4":"has-post-thumbnail","6":"product_cat-ngrohese","8":"first","9":"outofstock","10":"sale","11":"shipping-taxable","12":"purchasable","13":"product-type-simple"},"_links":{"self":[{"href":"https:\/\/homix-ks.com\/en\/wp-json\/wp\/v2\/product\/6575","targetHints":{"allow":["GET"]}}],"collection":[{"href":"https:\/\/homix-ks.com\/en\/wp-json\/wp\/v2\/product"}],"about":[{"href":"https:\/\/homix-ks.com\/en\/wp-json\/wp\/v2\/types\/product"}],"replies":[{"embeddable":true,"href":"https:\/\/homix-ks.com\/en\/wp-json\/wp\/v2\/comments?post=6575"}],"version-history":[{"count":2,"href":"https:\/\/homix-ks.com\/en\/wp-json\/wp\/v2\/product\/6575\/revisions"}],"predecessor-version":[{"id":6584,"href":"https:\/\/homix-ks.com\/en\/wp-json\/wp\/v2\/product\/6575\/revisions\/6584"}],"wp:featuredmedia":[{"embeddable":true,"href":"https:\/\/homix-ks.com\/en\/wp-json\/wp\/v2\/media\/6556"}],"wp:attachment":[{"href":"https:\/\/homix-ks.com\/en\/wp-json\/wp\/v2\/media?parent=6575"}],"wp:term":[{"taxonomy":"brand","embeddable":true,"href":"https:\/\/homix-ks.com\/en\/wp-json\/wp\/v2\/etheme_brands?post=6575"},{"taxonomy":"product_brand","embeddable":true,"href":"https:\/\/homix-ks.com\/en\/wp-json\/wp\/v2\/product_brand?post=6575"},{"taxonomy":"product_cat","embeddable":true,"href":"https:\/\/homix-ks.com\/en\/wp-json\/wp\/v2\/product_cat?post=6575"},{"taxonomy":"product_tag","embeddable":true,"href":"https:\/\/homix-ks.com\/en\/wp-json\/wp\/v2\/product_tag?post=6575"}],"curies":[{"name":"wp","href":"https:\/\/api.w.org\/{rel}","templated":true}]}}