{"id":6571,"date":"2026-01-07T19:15:21","date_gmt":"2026-01-07T19:15:21","guid":{"rendered":"https:\/\/homix-ks.com\/?post_type=product&#038;p=6571"},"modified":"2026-01-09T09:51:20","modified_gmt":"2026-01-09T09:51:20","slug":"ngrohes-elektrik-ptc-mb-03","status":"publish","type":"product","link":"https:\/\/homix-ks.com\/en\/product\/ngrohes-elektrik-ptc-mb-03\/","title":{"rendered":"Ngroh\u00ebs Elektrik PTC \u2013 MB-03"},"content":{"rendered":"<p>Lloji: Ngroh\u00ebs elektrik me element qeramik PTC<\/p>\n<p>Fuqia: 2000W<\/p>\n<p>Modalitetet e pun\u00ebs:<\/p>\n<p>Aj\u00ebr i ftoht\u00eb<\/p>\n<p>Aj\u00ebr i ngroht\u00eb<\/p>\n<p>Aj\u00ebr shum\u00eb i ngroht\u00eb<\/p>\n<p>Rregullimi: 3 nivele funksionimi (Three gear adjustment)<\/p>\n<p>Zhurma: E ul\u00ebt (Low noise)<\/p>\n<p>Mbrojtje nga mbinxehja: Po<\/p>\n<p>Ngrohje: E shpejt\u00eb p\u00ebr ambient sht\u00ebpiak<\/p>\n<p>Pastrimi: Easy to clean (i leht\u00eb p\u00ebr pastrim)<\/p>\n<p>P\u00ebrdorimi: Dhoma, zyra, apartamente<\/p>","protected":false},"excerpt":{"rendered":"<p>Lloji: Ngroh\u00ebs elektrik me element qeramik PTC Fuqia: 2000W Modalitetet e pun\u00ebs: Aj\u00ebr i ftoht\u00eb Aj\u00ebr i ngroht\u00eb Aj\u00ebr shum\u00eb i ngroht\u00eb Rregullimi: 3 nivele&#8230;<\/p>","protected":false},"featured_media":6572,"comment_status":"open","ping_status":"closed","template":"","meta":{"_eb_attr":"","content-type":""},"etheme_brands":[],"product_brand":[],"product_cat":[98],"product_tag":[],"class_list":{"0":"post-6571","1":"product","2":"type-product","3":"status-publish","4":"has-post-thumbnail","6":"product_cat-ngrohese","8":"first","9":"instock","10":"sale","11":"shipping-taxable","12":"purchasable","13":"product-type-simple"},"_links":{"self":[{"href":"https:\/\/homix-ks.com\/en\/wp-json\/wp\/v2\/product\/6571","targetHints":{"allow":["GET"]}}],"collection":[{"href":"https:\/\/homix-ks.com\/en\/wp-json\/wp\/v2\/product"}],"about":[{"href":"https:\/\/homix-ks.com\/en\/wp-json\/wp\/v2\/types\/product"}],"replies":[{"embeddable":true,"href":"https:\/\/homix-ks.com\/en\/wp-json\/wp\/v2\/comments?post=6571"}],"version-history":[{"count":2,"href":"https:\/\/homix-ks.com\/en\/wp-json\/wp\/v2\/product\/6571\/revisions"}],"predecessor-version":[{"id":6574,"href":"https:\/\/homix-ks.com\/en\/wp-json\/wp\/v2\/product\/6571\/revisions\/6574"}],"wp:featuredmedia":[{"embeddable":true,"href":"https:\/\/homix-ks.com\/en\/wp-json\/wp\/v2\/media\/6572"}],"wp:attachment":[{"href":"https:\/\/homix-ks.com\/en\/wp-json\/wp\/v2\/media?parent=6571"}],"wp:term":[{"taxonomy":"brand","embeddable":true,"href":"https:\/\/homix-ks.com\/en\/wp-json\/wp\/v2\/etheme_brands?post=6571"},{"taxonomy":"product_brand","embeddable":true,"href":"https:\/\/homix-ks.com\/en\/wp-json\/wp\/v2\/product_brand?post=6571"},{"taxonomy":"product_cat","embeddable":true,"href":"https:\/\/homix-ks.com\/en\/wp-json\/wp\/v2\/product_cat?post=6571"},{"taxonomy":"product_tag","embeddable":true,"href":"https:\/\/homix-ks.com\/en\/wp-json\/wp\/v2\/product_tag?post=6571"}],"curies":[{"name":"wp","href":"https:\/\/api.w.org\/{rel}","templated":true}]}}