{"id":6559,"date":"2026-01-07T19:05:27","date_gmt":"2026-01-07T19:05:27","guid":{"rendered":"https:\/\/homix-ks.com\/?post_type=product&#038;p=6559"},"modified":"2026-01-09T09:51:42","modified_gmt":"2026-01-09T09:51:42","slug":"tmb-ngrohes-elektrik-fh-15","status":"publish","type":"product","link":"https:\/\/homix-ks.com\/en\/product\/tmb-ngrohes-elektrik-fh-15\/","title":{"rendered":"TMB Ngroh\u00ebs Elektrik \u2013 FH-15"},"content":{"rendered":"<p>Lloji: Ngroh\u00ebs elektrik (Fan Heater)<\/p>\n<p>Fuqia: 2000W<\/p>\n<p>Modalitetet:<\/p>\n<p>Aj\u00ebr i ftoht\u00eb (Cool)<\/p>\n<p>Aj\u00ebr i ngroht\u00eb (Warm)<\/p>\n<p>Aj\u00ebr shum\u00eb i ngroht\u00eb (Hot)<\/p>\n<p>Termostat: I rregulluesh\u00ebm<\/p>\n<p>Kontroll temperature: Automatik<\/p>\n<p>Mbrojtje nga mbinxehja: Po<\/p>","protected":false},"excerpt":{"rendered":"<p>Lloji: Ngroh\u00ebs elektrik (Fan Heater) Fuqia: 2000W Modalitetet: Aj\u00ebr i ftoht\u00eb (Cool) Aj\u00ebr i ngroht\u00eb (Warm) Aj\u00ebr shum\u00eb i ngroht\u00eb (Hot) Termostat: I rregulluesh\u00ebm Kontroll&#8230;<\/p>","protected":false},"featured_media":6560,"comment_status":"open","ping_status":"closed","template":"","meta":{"_eb_attr":"","content-type":""},"etheme_brands":[],"product_brand":[],"product_cat":[98],"product_tag":[],"class_list":{"0":"post-6559","1":"product","2":"type-product","3":"status-publish","4":"has-post-thumbnail","6":"product_cat-ngrohese","8":"first","9":"instock","10":"sale","11":"shipping-taxable","12":"purchasable","13":"product-type-simple"},"_links":{"self":[{"href":"https:\/\/homix-ks.com\/en\/wp-json\/wp\/v2\/product\/6559","targetHints":{"allow":["GET"]}}],"collection":[{"href":"https:\/\/homix-ks.com\/en\/wp-json\/wp\/v2\/product"}],"about":[{"href":"https:\/\/homix-ks.com\/en\/wp-json\/wp\/v2\/types\/product"}],"replies":[{"embeddable":true,"href":"https:\/\/homix-ks.com\/en\/wp-json\/wp\/v2\/comments?post=6559"}],"version-history":[{"count":1,"href":"https:\/\/homix-ks.com\/en\/wp-json\/wp\/v2\/product\/6559\/revisions"}],"predecessor-version":[{"id":6561,"href":"https:\/\/homix-ks.com\/en\/wp-json\/wp\/v2\/product\/6559\/revisions\/6561"}],"wp:featuredmedia":[{"embeddable":true,"href":"https:\/\/homix-ks.com\/en\/wp-json\/wp\/v2\/media\/6560"}],"wp:attachment":[{"href":"https:\/\/homix-ks.com\/en\/wp-json\/wp\/v2\/media?parent=6559"}],"wp:term":[{"taxonomy":"brand","embeddable":true,"href":"https:\/\/homix-ks.com\/en\/wp-json\/wp\/v2\/etheme_brands?post=6559"},{"taxonomy":"product_brand","embeddable":true,"href":"https:\/\/homix-ks.com\/en\/wp-json\/wp\/v2\/product_brand?post=6559"},{"taxonomy":"product_cat","embeddable":true,"href":"https:\/\/homix-ks.com\/en\/wp-json\/wp\/v2\/product_cat?post=6559"},{"taxonomy":"product_tag","embeddable":true,"href":"https:\/\/homix-ks.com\/en\/wp-json\/wp\/v2\/product_tag?post=6559"}],"curies":[{"name":"wp","href":"https:\/\/api.w.org\/{rel}","templated":true}]}}