{"id":6554,"date":"2026-01-07T18:28:03","date_gmt":"2026-01-07T18:28:03","guid":{"rendered":"https:\/\/homix-ks.com\/?post_type=product&#038;p=6554"},"modified":"2026-01-09T09:50:11","modified_gmt":"2026-01-09T09:50:11","slug":"ptc-ngrohese-elektrike-nsb-2500","status":"publish","type":"product","link":"https:\/\/homix-ks.com\/en\/product\/ptc-ngrohese-elektrike-nsb-2500\/","title":{"rendered":"PTC Ngrohese Elektrike &#8211; NSB-2500"},"content":{"rendered":"<p>Modeli: NSB-2500<\/p>\n<p>Fuqia: 1250W \/ 2500W (2 nivele ngrohjeje)<\/p>\n<p>Modalitetet: Ftoht\u00eb \/ Ngroht\u00eb \/ Shum\u00eb Ngroht\u00eb<\/p>\n<p>Termostat: I rregulluesh\u00ebm<\/p>\n<p>Kontroll temperature: Selektor i rregulluesh\u00ebm i ajrit<\/p>\n<p>Mbrojtje nga mbinxehja: Po<\/p>\n<p>Siguri: Sigures\u00eb termike e integruar<\/p>\n<p>Drit\u00eb treguese e funksionimit: Po<\/p>\n<p>Dorez\u00eb mbajt\u00ebse: Po<\/p>","protected":false},"excerpt":{"rendered":"<p>Modeli: NSB-2500 Fuqia: 1250W \/ 2500W (2 nivele ngrohjeje) Modalitetet: Ftoht\u00eb \/ Ngroht\u00eb \/ Shum\u00eb Ngroht\u00eb Termostat: I rregulluesh\u00ebm Kontroll temperature: Selektor i rregulluesh\u00ebm i&#8230;<\/p>","protected":false},"featured_media":6556,"comment_status":"open","ping_status":"closed","template":"","meta":{"_eb_attr":"","content-type":""},"etheme_brands":[],"product_brand":[],"product_cat":[98],"product_tag":[],"class_list":{"0":"post-6554","1":"product","2":"type-product","3":"status-publish","4":"has-post-thumbnail","6":"product_cat-ngrohese","8":"first","9":"instock","10":"sale","11":"shipping-taxable","12":"purchasable","13":"product-type-simple"},"_links":{"self":[{"href":"https:\/\/homix-ks.com\/en\/wp-json\/wp\/v2\/product\/6554","targetHints":{"allow":["GET"]}}],"collection":[{"href":"https:\/\/homix-ks.com\/en\/wp-json\/wp\/v2\/product"}],"about":[{"href":"https:\/\/homix-ks.com\/en\/wp-json\/wp\/v2\/types\/product"}],"replies":[{"embeddable":true,"href":"https:\/\/homix-ks.com\/en\/wp-json\/wp\/v2\/comments?post=6554"}],"version-history":[{"count":1,"href":"https:\/\/homix-ks.com\/en\/wp-json\/wp\/v2\/product\/6554\/revisions"}],"predecessor-version":[{"id":6557,"href":"https:\/\/homix-ks.com\/en\/wp-json\/wp\/v2\/product\/6554\/revisions\/6557"}],"wp:featuredmedia":[{"embeddable":true,"href":"https:\/\/homix-ks.com\/en\/wp-json\/wp\/v2\/media\/6556"}],"wp:attachment":[{"href":"https:\/\/homix-ks.com\/en\/wp-json\/wp\/v2\/media?parent=6554"}],"wp:term":[{"taxonomy":"brand","embeddable":true,"href":"https:\/\/homix-ks.com\/en\/wp-json\/wp\/v2\/etheme_brands?post=6554"},{"taxonomy":"product_brand","embeddable":true,"href":"https:\/\/homix-ks.com\/en\/wp-json\/wp\/v2\/product_brand?post=6554"},{"taxonomy":"product_cat","embeddable":true,"href":"https:\/\/homix-ks.com\/en\/wp-json\/wp\/v2\/product_cat?post=6554"},{"taxonomy":"product_tag","embeddable":true,"href":"https:\/\/homix-ks.com\/en\/wp-json\/wp\/v2\/product_tag?post=6554"}],"curies":[{"name":"wp","href":"https:\/\/api.w.org\/{rel}","templated":true}]}}