{"id":5511,"date":"2025-10-31T19:50:55","date_gmt":"2025-10-31T19:50:55","guid":{"rendered":"https:\/\/homix-ks.com\/?post_type=product&#038;p=5511"},"modified":"2025-11-12T10:28:53","modified_gmt":"2025-11-12T10:28:53","slug":"ndricues-anesore-7019-2-1","status":"publish","type":"product","link":"https:\/\/homix-ks.com\/en\/product\/ndricues-anesore-7019-2-1\/","title":{"rendered":"Ndri\u00e7ues an\u00ebsor\u00eb &#8211; 7019\/2\/1"},"content":{"rendered":"<p>Ky ndri\u00e7ues an\u00ebsor modern kombinon fines\u00ebn me funksionalitetin, duke krijuar nj\u00eb drit\u00eb t\u00eb but\u00eb dhe relaksuese p\u00ebr ambientet tuaja. Forma e tij e val\u00ebzuar dhe drita LED e ftoht\u00eb ofrojn\u00eb nj\u00eb pamje artistike q\u00eb p\u00ebrshtatet n\u00eb m\u00ebnyr\u00eb perfekte me dizajne minimaliste dhe dhoma moderne.<\/p>","protected":false},"excerpt":{"rendered":"<p data-start=\"0\" data-end=\"191\">Ndri\u00e7ues an\u00ebsor modern me dizajn unik LED, q\u00eb sjell ndri\u00e7im elegant dhe minimal n\u00eb \u00e7do ambient. Perfekt p\u00ebr dhoma gjumi ose sallon me stil bashk\u00ebkohor.<\/p>","protected":false},"featured_media":5512,"comment_status":"open","ping_status":"closed","template":"","meta":{"_eb_attr":"","content-type":""},"etheme_brands":[],"product_brand":[],"product_cat":[85,84,81,76],"product_tag":[],"class_list":{"0":"post-5511","1":"product","2":"type-product","3":"status-publish","4":"has-post-thumbnail","6":"product_cat-dhome-e-ndejnjes","7":"product_cat-dhome-e-ndenjes-ndricim","8":"product_cat-dhome-gjumi","9":"product_cat-ndricim","11":"first","12":"instock","13":"sale","14":"shipping-taxable","15":"purchasable","16":"product-type-simple"},"_links":{"self":[{"href":"https:\/\/homix-ks.com\/en\/wp-json\/wp\/v2\/product\/5511","targetHints":{"allow":["GET"]}}],"collection":[{"href":"https:\/\/homix-ks.com\/en\/wp-json\/wp\/v2\/product"}],"about":[{"href":"https:\/\/homix-ks.com\/en\/wp-json\/wp\/v2\/types\/product"}],"replies":[{"embeddable":true,"href":"https:\/\/homix-ks.com\/en\/wp-json\/wp\/v2\/comments?post=5511"}],"version-history":[{"count":2,"href":"https:\/\/homix-ks.com\/en\/wp-json\/wp\/v2\/product\/5511\/revisions"}],"predecessor-version":[{"id":5515,"href":"https:\/\/homix-ks.com\/en\/wp-json\/wp\/v2\/product\/5511\/revisions\/5515"}],"wp:featuredmedia":[{"embeddable":true,"href":"https:\/\/homix-ks.com\/en\/wp-json\/wp\/v2\/media\/5512"}],"wp:attachment":[{"href":"https:\/\/homix-ks.com\/en\/wp-json\/wp\/v2\/media?parent=5511"}],"wp:term":[{"taxonomy":"brand","embeddable":true,"href":"https:\/\/homix-ks.com\/en\/wp-json\/wp\/v2\/etheme_brands?post=5511"},{"taxonomy":"product_brand","embeddable":true,"href":"https:\/\/homix-ks.com\/en\/wp-json\/wp\/v2\/product_brand?post=5511"},{"taxonomy":"product_cat","embeddable":true,"href":"https:\/\/homix-ks.com\/en\/wp-json\/wp\/v2\/product_cat?post=5511"},{"taxonomy":"product_tag","embeddable":true,"href":"https:\/\/homix-ks.com\/en\/wp-json\/wp\/v2\/product_tag?post=5511"}],"curies":[{"name":"wp","href":"https:\/\/api.w.org\/{rel}","templated":true}]}}