{"id":5493,"date":"2025-10-31T19:23:11","date_gmt":"2025-10-31T19:23:11","guid":{"rendered":"https:\/\/homix-ks.com\/?post_type=product&#038;p=5493"},"modified":"2025-11-12T10:29:24","modified_gmt":"2025-11-12T10:29:24","slug":"ndricues-anesore-b6038-gd","status":"publish","type":"product","link":"https:\/\/homix-ks.com\/en\/product\/ndricues-anesore-b6038-gd\/","title":{"rendered":"Ndri\u00e7ues an\u00ebsor\u00eb &#8211; B6038-GD"},"content":{"rendered":"<p>Ky ndri\u00e7ues an\u00ebsor kombinon eleganc\u00ebn moderne me ndri\u00e7imin e ngroht\u00eb q\u00eb krijon nj\u00eb atmosfer\u00eb t\u00eb qet\u00eb dhe relaksuese n\u00eb dhom\u00ebn tuaj t\u00eb ndenjes. Me dizajn minimalist dhe form\u00eb t\u00eb rafinuar, p\u00ebrshtatet leht\u00ebsisht n\u00eb \u00e7do stil interieri.<\/p>","protected":false},"excerpt":{"rendered":"<p>Ndri\u00e7ues an\u00ebsor modern me dizajn elegant dhe drit\u00eb t\u00eb but\u00eb, perfekt p\u00ebr ambiente minimaliste. Jep ngroht\u00ebsi dhe stil \u00e7do dhome ndenjeje.<\/p>","protected":false},"featured_media":5494,"comment_status":"open","ping_status":"closed","template":"","meta":{"_eb_attr":"","content-type":""},"etheme_brands":[],"product_brand":[],"product_cat":[84,81,76],"product_tag":[],"class_list":{"0":"post-5493","1":"product","2":"type-product","3":"status-publish","4":"has-post-thumbnail","6":"product_cat-dhome-e-ndenjes-ndricim","7":"product_cat-dhome-gjumi","8":"product_cat-ndricim","10":"first","11":"instock","12":"sale","13":"shipping-taxable","14":"purchasable","15":"product-type-simple"},"_links":{"self":[{"href":"https:\/\/homix-ks.com\/en\/wp-json\/wp\/v2\/product\/5493","targetHints":{"allow":["GET"]}}],"collection":[{"href":"https:\/\/homix-ks.com\/en\/wp-json\/wp\/v2\/product"}],"about":[{"href":"https:\/\/homix-ks.com\/en\/wp-json\/wp\/v2\/types\/product"}],"replies":[{"embeddable":true,"href":"https:\/\/homix-ks.com\/en\/wp-json\/wp\/v2\/comments?post=5493"}],"version-history":[{"count":2,"href":"https:\/\/homix-ks.com\/en\/wp-json\/wp\/v2\/product\/5493\/revisions"}],"predecessor-version":[{"id":5498,"href":"https:\/\/homix-ks.com\/en\/wp-json\/wp\/v2\/product\/5493\/revisions\/5498"}],"wp:featuredmedia":[{"embeddable":true,"href":"https:\/\/homix-ks.com\/en\/wp-json\/wp\/v2\/media\/5494"}],"wp:attachment":[{"href":"https:\/\/homix-ks.com\/en\/wp-json\/wp\/v2\/media?parent=5493"}],"wp:term":[{"taxonomy":"brand","embeddable":true,"href":"https:\/\/homix-ks.com\/en\/wp-json\/wp\/v2\/etheme_brands?post=5493"},{"taxonomy":"product_brand","embeddable":true,"href":"https:\/\/homix-ks.com\/en\/wp-json\/wp\/v2\/product_brand?post=5493"},{"taxonomy":"product_cat","embeddable":true,"href":"https:\/\/homix-ks.com\/en\/wp-json\/wp\/v2\/product_cat?post=5493"},{"taxonomy":"product_tag","embeddable":true,"href":"https:\/\/homix-ks.com\/en\/wp-json\/wp\/v2\/product_tag?post=5493"}],"curies":[{"name":"wp","href":"https:\/\/api.w.org\/{rel}","templated":true}]}}