{"id":5488,"date":"2025-10-31T19:16:58","date_gmt":"2025-10-31T19:16:58","guid":{"rendered":"https:\/\/homix-ks.com\/?post_type=product&#038;p=5488"},"modified":"2025-11-12T10:29:41","modified_gmt":"2025-11-12T10:29:41","slug":"ndricues-anesore-q009","status":"publish","type":"product","link":"https:\/\/homix-ks.com\/en\/product\/ndricues-anesore-q009\/","title":{"rendered":"Ndri\u00e7ues an\u00ebsor\u00eb &#8211; Q009"},"content":{"rendered":"<p>Nj\u00eb ndri\u00e7ues muri modern me dizajn minimalist, q\u00eb kombinon forma gjeometrike dhe ndri\u00e7im t\u00eb but\u00eb p\u00ebr t\u00eb krijuar nj\u00eb atmosfer\u00eb elegante. P\u00ebrshtatet n\u00eb m\u00ebnyr\u00eb perfekte si ndri\u00e7im an\u00ebsor n\u00eb dhoma gjumi apo ambiente pushimi, duke reflektuar drit\u00eb t\u00eb ngroht\u00eb dhe t\u00eb balancuar p\u00ebr nj\u00eb ndjesi qet\u00ebsie dhe stili bashk\u00ebkohor.<\/p>","protected":false},"excerpt":{"rendered":"<p>Drit\u00eb muri moderne me struktur\u00eb unazash t\u00eb zeza dhe ndri\u00e7im LED qendror, ideale p\u00ebr ambiente me stil elegant e minimalist.<\/p>","protected":false},"featured_media":5491,"comment_status":"open","ping_status":"closed","template":"","meta":{"_eb_attr":"","content-type":""},"etheme_brands":[],"product_brand":[],"product_cat":[84,81,76],"product_tag":[],"class_list":{"0":"post-5488","1":"product","2":"type-product","3":"status-publish","4":"has-post-thumbnail","6":"product_cat-dhome-e-ndenjes-ndricim","7":"product_cat-dhome-gjumi","8":"product_cat-ndricim","10":"first","11":"instock","12":"sale","13":"shipping-taxable","14":"purchasable","15":"product-type-simple"},"_links":{"self":[{"href":"https:\/\/homix-ks.com\/en\/wp-json\/wp\/v2\/product\/5488","targetHints":{"allow":["GET"]}}],"collection":[{"href":"https:\/\/homix-ks.com\/en\/wp-json\/wp\/v2\/product"}],"about":[{"href":"https:\/\/homix-ks.com\/en\/wp-json\/wp\/v2\/types\/product"}],"replies":[{"embeddable":true,"href":"https:\/\/homix-ks.com\/en\/wp-json\/wp\/v2\/comments?post=5488"}],"version-history":[{"count":1,"href":"https:\/\/homix-ks.com\/en\/wp-json\/wp\/v2\/product\/5488\/revisions"}],"predecessor-version":[{"id":5492,"href":"https:\/\/homix-ks.com\/en\/wp-json\/wp\/v2\/product\/5488\/revisions\/5492"}],"wp:featuredmedia":[{"embeddable":true,"href":"https:\/\/homix-ks.com\/en\/wp-json\/wp\/v2\/media\/5491"}],"wp:attachment":[{"href":"https:\/\/homix-ks.com\/en\/wp-json\/wp\/v2\/media?parent=5488"}],"wp:term":[{"taxonomy":"brand","embeddable":true,"href":"https:\/\/homix-ks.com\/en\/wp-json\/wp\/v2\/etheme_brands?post=5488"},{"taxonomy":"product_brand","embeddable":true,"href":"https:\/\/homix-ks.com\/en\/wp-json\/wp\/v2\/product_brand?post=5488"},{"taxonomy":"product_cat","embeddable":true,"href":"https:\/\/homix-ks.com\/en\/wp-json\/wp\/v2\/product_cat?post=5488"},{"taxonomy":"product_tag","embeddable":true,"href":"https:\/\/homix-ks.com\/en\/wp-json\/wp\/v2\/product_tag?post=5488"}],"curies":[{"name":"wp","href":"https:\/\/api.w.org\/{rel}","templated":true}]}}