{"id":5475,"date":"2025-10-31T18:24:55","date_gmt":"2025-10-31T18:24:55","guid":{"rendered":"https:\/\/homix-ks.com\/?post_type=product&#038;p=5475"},"modified":"2025-11-12T10:30:18","modified_gmt":"2025-11-12T10:30:18","slug":"ndricues-anesore-2003","status":"publish","type":"product","link":"https:\/\/homix-ks.com\/en\/product\/ndricues-anesore-2003\/","title":{"rendered":"Ndri\u00e7ues an\u00ebsor\u00eb &#8211; 2003"},"content":{"rendered":"<p>Nj\u00eb ndri\u00e7ues modern LED me form\u00eb gjeometrike q\u00eb kombinohet n\u00eb m\u00ebnyr\u00eb perfekte me nj\u00eb ambient elegant dhe minimalist. Drita e bardh\u00eb e ngroht\u00eb krijon nj\u00eb atmosfer\u00eb t\u00eb qet\u00eb dhe t\u00eb sofistikuar \u2013 ideale p\u00ebr dhoma ndenjeje apo dhoma gjumi moderne.<\/p>","protected":false},"excerpt":{"rendered":"<p>Ky ndri\u00e7ues murale p\u00ebrfaq\u00ebson stilin bashk\u00ebkohor n\u00eb form\u00ebn m\u00eb t\u00eb past\u00ebr. Me linja t\u00eb pastra, ndri\u00e7im t\u00eb but\u00eb dhe p\u00ebrfundim premium, ai ofron jo vet\u00ebm drit\u00eb, por edhe eleganc\u00eb.<\/p>","protected":false},"featured_media":5477,"comment_status":"open","ping_status":"closed","template":"","meta":{"_eb_attr":"","content-type":""},"etheme_brands":[],"product_brand":[],"product_cat":[84,81,76],"product_tag":[],"class_list":{"0":"post-5475","1":"product","2":"type-product","3":"status-publish","4":"has-post-thumbnail","6":"product_cat-dhome-e-ndenjes-ndricim","7":"product_cat-dhome-gjumi","8":"product_cat-ndricim","10":"first","11":"instock","12":"sale","13":"shipping-taxable","14":"purchasable","15":"product-type-simple"},"_links":{"self":[{"href":"https:\/\/homix-ks.com\/en\/wp-json\/wp\/v2\/product\/5475","targetHints":{"allow":["GET"]}}],"collection":[{"href":"https:\/\/homix-ks.com\/en\/wp-json\/wp\/v2\/product"}],"about":[{"href":"https:\/\/homix-ks.com\/en\/wp-json\/wp\/v2\/types\/product"}],"replies":[{"embeddable":true,"href":"https:\/\/homix-ks.com\/en\/wp-json\/wp\/v2\/comments?post=5475"}],"version-history":[{"count":1,"href":"https:\/\/homix-ks.com\/en\/wp-json\/wp\/v2\/product\/5475\/revisions"}],"predecessor-version":[{"id":5478,"href":"https:\/\/homix-ks.com\/en\/wp-json\/wp\/v2\/product\/5475\/revisions\/5478"}],"wp:featuredmedia":[{"embeddable":true,"href":"https:\/\/homix-ks.com\/en\/wp-json\/wp\/v2\/media\/5477"}],"wp:attachment":[{"href":"https:\/\/homix-ks.com\/en\/wp-json\/wp\/v2\/media?parent=5475"}],"wp:term":[{"taxonomy":"brand","embeddable":true,"href":"https:\/\/homix-ks.com\/en\/wp-json\/wp\/v2\/etheme_brands?post=5475"},{"taxonomy":"product_brand","embeddable":true,"href":"https:\/\/homix-ks.com\/en\/wp-json\/wp\/v2\/product_brand?post=5475"},{"taxonomy":"product_cat","embeddable":true,"href":"https:\/\/homix-ks.com\/en\/wp-json\/wp\/v2\/product_cat?post=5475"},{"taxonomy":"product_tag","embeddable":true,"href":"https:\/\/homix-ks.com\/en\/wp-json\/wp\/v2\/product_tag?post=5475"}],"curies":[{"name":"wp","href":"https:\/\/api.w.org\/{rel}","templated":true}]}}