{"id":5466,"date":"2025-10-31T16:11:17","date_gmt":"2025-10-31T16:11:17","guid":{"rendered":"https:\/\/homix-ks.com\/?post_type=product&#038;p=5466"},"modified":"2025-11-12T10:30:43","modified_gmt":"2025-11-12T10:30:43","slug":"ndricues-cd81-a-5l","status":"publish","type":"product","link":"https:\/\/homix-ks.com\/en\/product\/ndricues-cd81-a-5l\/","title":{"rendered":"Ndri\u00e7ues &#8211; CD81-A-5L"},"content":{"rendered":"<p>Ky ndri\u00e7ues elegant me pes\u00eb llamba cilindrike kombinuar me ngjyr\u00eb t\u00eb zez\u00eb, t\u00eb bardh\u00eb dhe thekse t\u00eb arta, ofron nj\u00eb stil t\u00eb sofistikuar dhe bashk\u00ebkohor. I varur mbi nj\u00eb tavolin\u00eb mermeri me karrige kadifeje n\u00eb nuanca neutrale dhe k\u00ebmb\u00eb metalike, ndri\u00e7uesi p\u00ebrshtatet n\u00eb m\u00ebnyr\u00eb t\u00eb p\u00ebrkryer n\u00eb nj\u00eb ambient t\u00eb past\u00ebr, pa detaje druri, me mur t\u00eb bardh\u00eb dhe tavan minimalist.<\/p>\n<p>&nbsp;<\/p>","protected":false},"excerpt":{"rendered":"<p>Ndri\u00e7ues modern me dizajn elegant, kombinim i t\u00eb zez\u00ebs me ar dhe drit\u00eb t\u00eb but\u00eb p\u00ebr nj\u00eb ambient t\u00eb past\u00ebr dhe bashk\u00ebkohor. I p\u00ebrshtatsh\u00ebm p\u00ebr dhoma ngr\u00ebnieje ose ambiente pritjeje me stil minimalist.<\/p>","protected":false},"featured_media":5468,"comment_status":"open","ping_status":"closed","template":"","meta":{"_eb_attr":"","content-type":""},"etheme_brands":[],"product_brand":[],"product_cat":[83,76],"product_tag":[],"class_list":{"0":"post-5466","1":"product","2":"type-product","3":"status-publish","4":"has-post-thumbnail","6":"product_cat-kuzhine-ndricim","7":"product_cat-ndricim","9":"first","10":"instock","11":"sale","12":"shipping-taxable","13":"purchasable","14":"product-type-simple"},"_links":{"self":[{"href":"https:\/\/homix-ks.com\/en\/wp-json\/wp\/v2\/product\/5466","targetHints":{"allow":["GET"]}}],"collection":[{"href":"https:\/\/homix-ks.com\/en\/wp-json\/wp\/v2\/product"}],"about":[{"href":"https:\/\/homix-ks.com\/en\/wp-json\/wp\/v2\/types\/product"}],"replies":[{"embeddable":true,"href":"https:\/\/homix-ks.com\/en\/wp-json\/wp\/v2\/comments?post=5466"}],"version-history":[{"count":2,"href":"https:\/\/homix-ks.com\/en\/wp-json\/wp\/v2\/product\/5466\/revisions"}],"predecessor-version":[{"id":5471,"href":"https:\/\/homix-ks.com\/en\/wp-json\/wp\/v2\/product\/5466\/revisions\/5471"}],"wp:featuredmedia":[{"embeddable":true,"href":"https:\/\/homix-ks.com\/en\/wp-json\/wp\/v2\/media\/5468"}],"wp:attachment":[{"href":"https:\/\/homix-ks.com\/en\/wp-json\/wp\/v2\/media?parent=5466"}],"wp:term":[{"taxonomy":"brand","embeddable":true,"href":"https:\/\/homix-ks.com\/en\/wp-json\/wp\/v2\/etheme_brands?post=5466"},{"taxonomy":"product_brand","embeddable":true,"href":"https:\/\/homix-ks.com\/en\/wp-json\/wp\/v2\/product_brand?post=5466"},{"taxonomy":"product_cat","embeddable":true,"href":"https:\/\/homix-ks.com\/en\/wp-json\/wp\/v2\/product_cat?post=5466"},{"taxonomy":"product_tag","embeddable":true,"href":"https:\/\/homix-ks.com\/en\/wp-json\/wp\/v2\/product_tag?post=5466"}],"curies":[{"name":"wp","href":"https:\/\/api.w.org\/{rel}","templated":true}]}}