{"id":5463,"date":"2025-10-31T16:06:04","date_gmt":"2025-10-31T16:06:04","guid":{"rendered":"https:\/\/homix-ks.com\/?post_type=product&#038;p=5463"},"modified":"2026-01-09T20:25:38","modified_gmt":"2026-01-09T20:25:38","slug":"ndricues-er003","status":"publish","type":"product","link":"https:\/\/homix-ks.com\/en\/product\/ndricues-er003\/","title":{"rendered":"Ndri\u00e7ues &#8211; ER003"},"content":{"rendered":"<p>Ky ndri\u00e7ues modern me tre abazhure t\u00eb varura \u2014 n\u00eb ngjyra gri t\u00eb but\u00eb, t\u00eb bardh\u00eb dhe t\u00eb zez\u00eb matte \u2014 sjell nj\u00eb prekje elegance dhe minimalizmi n\u00eb \u00e7do kuzhin\u00eb bashk\u00ebkohore. Dizajni i tij i past\u00ebr dhe simetrik ndri\u00e7on n\u00eb m\u00ebnyr\u00eb t\u00eb but\u00eb hap\u00ebsir\u00ebn mbi ishullin e kuzhin\u00ebs, duke krijuar nj\u00eb atmosfer\u00eb t\u00eb ngroht\u00eb dhe t\u00eb qet\u00eb.<\/p>","protected":false},"excerpt":{"rendered":"<p>Ky ndri\u00e7ues modern me tre abazhure t\u00eb varura \u2014 n\u00eb ngjyra gri t\u00eb but\u00eb, t\u00eb bardh\u00eb dhe t\u00eb zez\u00eb matte \u2014 sjell nj\u00eb prekje elegance&#8230;<\/p>","protected":false},"featured_media":5464,"comment_status":"open","ping_status":"closed","template":"","meta":{"_eb_attr":"","content-type":""},"etheme_brands":[],"product_brand":[],"product_cat":[83,76],"product_tag":[],"class_list":{"0":"post-5463","1":"product","2":"type-product","3":"status-publish","4":"has-post-thumbnail","6":"product_cat-kuzhine-ndricim","7":"product_cat-ndricim","9":"first","10":"outofstock","11":"sale","12":"shipping-taxable","13":"purchasable","14":"product-type-simple"},"_links":{"self":[{"href":"https:\/\/homix-ks.com\/en\/wp-json\/wp\/v2\/product\/5463","targetHints":{"allow":["GET"]}}],"collection":[{"href":"https:\/\/homix-ks.com\/en\/wp-json\/wp\/v2\/product"}],"about":[{"href":"https:\/\/homix-ks.com\/en\/wp-json\/wp\/v2\/types\/product"}],"replies":[{"embeddable":true,"href":"https:\/\/homix-ks.com\/en\/wp-json\/wp\/v2\/comments?post=5463"}],"version-history":[{"count":1,"href":"https:\/\/homix-ks.com\/en\/wp-json\/wp\/v2\/product\/5463\/revisions"}],"predecessor-version":[{"id":5465,"href":"https:\/\/homix-ks.com\/en\/wp-json\/wp\/v2\/product\/5463\/revisions\/5465"}],"wp:featuredmedia":[{"embeddable":true,"href":"https:\/\/homix-ks.com\/en\/wp-json\/wp\/v2\/media\/5464"}],"wp:attachment":[{"href":"https:\/\/homix-ks.com\/en\/wp-json\/wp\/v2\/media?parent=5463"}],"wp:term":[{"taxonomy":"brand","embeddable":true,"href":"https:\/\/homix-ks.com\/en\/wp-json\/wp\/v2\/etheme_brands?post=5463"},{"taxonomy":"product_brand","embeddable":true,"href":"https:\/\/homix-ks.com\/en\/wp-json\/wp\/v2\/product_brand?post=5463"},{"taxonomy":"product_cat","embeddable":true,"href":"https:\/\/homix-ks.com\/en\/wp-json\/wp\/v2\/product_cat?post=5463"},{"taxonomy":"product_tag","embeddable":true,"href":"https:\/\/homix-ks.com\/en\/wp-json\/wp\/v2\/product_tag?post=5463"}],"curies":[{"name":"wp","href":"https:\/\/api.w.org\/{rel}","templated":true}]}}